{"id":745,"date":"2016-03-10T18:51:46","date_gmt":"2016-03-10T18:51:46","guid":{"rendered":"https:\/\/default.houzez.co\/?page_id=745"},"modified":"2021-11-14T12:15:31","modified_gmt":"2021-11-14T12:15:31","slug":"terms-and-conditions","status":"publish","type":"page","link":"https:\/\/www.celiahomes.com\/tr\/terms-and-conditions\/","title":{"rendered":"Site Kullan\u0131m \u015eart ve Ko\u015fullar\u0131"},"content":{"rendered":"<p>celiahomes.com&#8217;e eri\u015fiminizden \u00f6nce l\u00fctfen kullan\u0131m \u015fartlar\u0131n\u0131 dikkatle okuyunuz. Siteye eri\u015fiminiz devam ederse \u015fartlar\u0131 kabul etmi\u015f say\u0131lacaks\u0131n\u0131z. Web sitelerimizde sayfalar aras\u0131nda dola\u015fmaya devam eder ve Web formumuzu kullan\u0131rsan\u0131z Kullan\u0131m \u015eartlar\u0131m\u0131z\u0131 kabul etti\u011finizi varsayar\u0131z. Bu \u015fartlar\u0131 kabul etmiyorsan\u0131z l\u00fctfen siteye girmeyiniz.<\/p>\n<p>7 Nisan 2016 tarihli Ki\u015fisel Verilerin Korunmas\u0131 Hakk\u0131nda Kanun ile veri g\u00fcvenli\u011fine ve depolamaya tamamen uygundur.<\/p>\n<p>Celia Homes \u00ae markas\u0131n\u0131n sahibi olan\u00a0<strong>ZEL\u0130HA \u00c7\u0130NK\u0130TA\u015e CEL\u0130A HOMES EMLAK<\/strong>\u00a0(&#8220;Celia Homes&#8221; veya &#8220;biz&#8221;), 7 Nisan 2016 tarihli Ki\u015fisel Verilerin Korunmas\u0131 Kanunu ile\u00a0<a title=\"Ki\u015fisel Verilerin Korunmas\u0131 ve \u0130\u015flenmesi\" href=\"\/privacy-policy\/\" target=\"_blank\" rel=\"noopener\">verilerin korunmas\u0131 ve i\u015flenmesine<\/a>\u00a0tamamen uygundur.<\/p>\n<h3>\u015eartlar\u0131m\u0131z ve Sitemizdeki De\u011fi\u015fiklikler<\/h3>\n<p>Celia Homes bu sitede yer alan veya alacak olan bilgileri, formlar\u0131 ve i\u00e7eri\u011fi diledi\u011fi zaman de\u011fi\u015ftirme ve durdurma hakk\u0131na sahiptir. celiahomes.com\/tr web sitesini kullanmak istedi\u011finiz zaman, l\u00fctfen o zaman ge\u00e7erli olan \u015fartlar\u0131 kontrol edin. Siteye eri\u015fiminizi sona erdirmedi\u011finiz s\u00fcrece, g\u00fcncel \u015fartlar ge\u00e7erli olacakt\u0131r.<\/p>\n<h3>Biz Kimiz?<\/h3>\n<p>Celia Homes, yasal ad\u0131 ZEL\u0130HA \u00c7\u0130NK\u0130TA\u015e CEL\u0130A HOMES EMLAK olan bir T\u00fcrk firmas\u0131n\u0131n markas\u0131d\u0131r. celiahomes.com\/tr, ZEL\u0130HA \u00c7\u0130NK\u0130TA\u015e CEL\u0130A HOMES EMLAK&#8217;ye aittir.\u00a0 Alanya Ticaret ve Sanayi Odas\u0131 Ticaret Sicili Numaras\u0131 019169&#8217;dir.<\/p>\n<p>Celia Homes\u2019un tutumu, cinsiyet ve \u0131rk ayr\u0131m\u0131 yapmadan, d\u00fcr\u00fcstl\u00fck, iyilik ve m\u00fckemmellik esas\u0131na dayanmaktad\u0131r.\u00a0<strong><a title=\"Celia Homes\" href=\"\/contact\/\" target=\"_blank\" rel=\"noopener\">Celia Homes<\/a>\u00a0<\/strong>hakk\u0131nda detayl\u0131 bilgiyi a\u015fa\u011f\u0131da bulabilirsiniz.<\/p>\n<h3>Web Sitenin Amac\u0131<\/h3>\n<p>Celia Homes markas\u0131 alt\u0131nda \u00e7e\u015fitli dillerde ve farkl\u0131 alanlarda yap\u0131lan internet yay\u0131nlar\u0131n\u0131n amac\u0131;<\/p>\n<p>\u2022 \u00c7e\u015fitli yabanc\u0131 dillerde &#8220;Celia Homes&#8221; hizmetlerini tan\u0131tmak<br \/>\n\u2022 Gayrimenkul al\u0131mlar\u0131 hakk\u0131nda bilgi vermek<br \/>\n\u2022 Emlak ilanlar\u0131n\u0131 listeleme<br \/>\n\u2022 Emlak piyasas\u0131 ile ilgili haber ve makaleleri yay\u0131nlamak.<\/p>\n<h3>\u00c7erezler Kullan\u0131yoruz<\/h3>\n<p>\u00c7erezler, sitemizi ziyaret etti\u011finizde bilgisayar\u0131n\u0131z veya mobil cihaz\u0131n\u0131za depolanan dosyalar ya da bilgi par\u00e7ac\u0131klar\u0131d\u0131r. Sizi ve tercihlerinizi tan\u0131mak, sitemizin performans\u0131n\u0131 artt\u0131rmak ve istatistiksel veriler olu\u015fturmak i\u00e7in kendi ve \u00fc\u00e7\u00fcnc\u00fc taraf\u00a0<strong>\u00e7erezlerini<\/strong>\u00a0kullan\u0131yoruz.<\/p>\n<h3>Verilerinizi Neden Toplar\u0131z?<\/h3>\n<p>Bir emlak \u015firketi olarak Celia Homes, ki\u015filere bilgi vermek i\u00e7in verileri toplar. Bu bilgileri, ihtiya\u00e7lar\u0131n\u0131z\u0131 anlamak, daha iyi bir hizmet sunmak ve \u00f6zellikle a\u015fa\u011f\u0131daki nedenlerden dolay\u0131 talep ediyoruz:<\/p>\n<p>\u2022 Daha kaliteli ileti\u015fim i\u00e7in isim, soy isim, telefon numaras\u0131 ve e-posta adresi gibi ki\u015fisel ve ileti\u015fim bilgileri. Bu bilgileri, e-posta adresiniz arac\u0131l\u0131\u011f\u0131yla bir e-b\u00fclten format\u0131nda kampanyalar ve yeni hizmetlerimiz hakk\u0131nda bilgi vermek i\u00e7in de kullan\u0131yoruz.<br \/>\n\u2022 Analiz i\u00e7in demografik site veya aplikasyon bilgilerini taramak ve kullan\u0131c\u0131lar\u0131n ilgi alanlar\u0131n\u0131 toplamak. Bu veriler pazarlama, yeniden hedefleme ve ileti\u015fim gibi i\u015f ve operasyonel faaliyetlerin iyile\u015ftirilmesi amac\u0131yla kullan\u0131lmaktad\u0131r.<br \/>\n\u2022 Web sitesinde daha kolay ve daha iyi bir deneyim vermek i\u00e7in Sosyal web bilgileri (Facebook, Twitter, Linkedin and Google Plus). Bu sosyal web siteleri sadece web sitenizi kaydetmek i\u00e7in kullan\u0131labilir.<br \/>\n\u2022 Konumunuza g\u00f6re en yak\u0131n ofisleri g\u00f6stermek ve emlak \u00f6nermek i\u00e7in IP adresi ve ge\u00e7erli adres bilgileri.<\/p>\n<p>\u015eirketimiz arac\u0131l\u0131\u011f\u0131yla bir emlak sat\u0131n ald\u0131\u011f\u0131n\u0131zda sizi web sitemizin \u00fcyesi olarak g\u00f6rmek isteriz. Bize verdi\u011finiz isim, soyisim, telefon numaras\u0131 ve e-posta gibi \u00f6zel bilgilerinizi kendi iste\u011finizle koruruz. Verilerinizi sadece yetkili ki\u015filer (sat\u0131\u015f a\u015famas\u0131na kadar y\u00f6netim ve sat\u0131\u015f dan\u0131\u015fman\u0131; sat\u0131\u015f sonras\u0131nda Muhasebeci) g\u00f6rebilir. Emlak sat\u0131\u015f\u0131 d\u0131\u015f\u0131nda asla ki\u015fisel bilgilerinizi kullanm\u0131yoruz ve \u00fc\u00e7\u00fcnc\u00fc taraf bir \u015firketle asla payla\u015fmay\u0131z.<\/p>\n<p>\u015eirketimizin ofis veya mobil hatt\u0131n\u0131 arad\u0131\u011f\u0131n\u0131zda (SMS, Whatsapp ve Viber gibi), yay\u0131nlanm\u0131\u015f mail adresimize veya web formumuzu doldurarak e-posta g\u00f6nderdi\u011finizde sizi geri arayabilece\u011fimizi, mobil mesaj g\u00f6nderebilece\u011fimizi ve sorgunuzla ilgili e-b\u00fclten format\u0131nda mail atabilece\u011fimizi kabul etmi\u015f olursunuz.<\/p>\n<h3>Kullan\u0131c\u0131 Gizlili\u011fine Sayg\u0131 Duyuyoruz<\/h3>\n<p>Gizlili\u011fe kurumsal de\u011ferlerimiz do\u011frultusunda dikkat ediyoruz. M\u00fc\u015fterilere yaln\u0131zca arad\u0131klar\u0131n\u0131 g\u00f6stermek i\u00e7in \u00fc\u00e7\u00fcnc\u00fc taraf \u00e7erezler kullan\u0131yoruz. E-posta, telefon, s\u00f6zle\u015fme s\u0131ras\u0131nda elde edilen detayl\u0131 kimlik bilgileri, ev sat\u0131n ald\u0131ktan sonra tapu, vergi numaras\u0131, abonelik belgeleri sadece yetkili personel taraf\u0131ndan g\u00f6r\u00fclebilir. Bilgileriniz \u015firket taraf\u0131ndan yetkilendirilmemi\u015f ki\u015filer taraf\u0131ndan g\u00f6r\u00fclmez. Bu verileri ve dok\u00fcmantasyonu sadece size hizmet etmek i\u00e7in ve bir ev satma amac\u0131nda kullan\u0131yoruz. \u0130lgilendi\u011finiz m\u00fclklerle ilgili telefon g\u00f6r\u00fc\u015fmeleri, e-posta, haber b\u00fcltenleri yapabiliriz. \u0130stemedi\u011finiz takdirde sizi rahats\u0131z etmeyece\u011fimize s\u00f6z veriyoruz.<\/p>\n<p>Ki\u015fisel bilgilerinizi nas\u0131l toplad\u0131\u011f\u0131m\u0131z\u0131, kulland\u0131\u011f\u0131m\u0131z\u0131 ve gizlili\u011finizi nas\u0131l korudu\u011fumuzla ilgili ayr\u0131nt\u0131l\u0131 bilgi i\u00e7in l\u00fctfen\u00a0<a title=\"Ki\u015fisel Verilerin Korunmas\u0131 ve \u0130\u015flenmesi\" href=\"\/privacy-policy\/\" target=\"_blank\" rel=\"noopener\"><strong>Ki\u015fisel Verilerin Korunmas\u0131 ve \u0130\u015flenmesi<\/strong><\/a>\u00a0b\u00f6l\u00fcm\u00fcm\u00fcz\u00fc okuyunuz.<\/p>\n<h3>Fikri M\u00fclkiyet Haklar\u0131m\u0131za Sayg\u0131<\/h3>\n<p>Sitemizde yer alan t\u00fcm sayfalar kendi \u00fcretimimizdir. T\u00fcm i\u00e7eri\u011fi benzersiz bir \u015fekilde olu\u015fturuyoruz. Fikri m\u00fclkiyet haklar\u0131m\u0131za sayg\u0131 duydu\u011funuzu varsay\u0131yoruz. L\u00fctfen herhangi bir i\u00e7eri\u011fi web sitemizden kopyalamay\u0131n. Ancak, sitemize bir link belirterek veya \u201cCelia Homes\u201d \u015feklinde bilgi kayna\u011f\u0131n\u0131 belirterek bilgilerimizi kullanabilirsiniz. Celia Homes olarak uygulanabilir t\u00fcm Dijital Milenyum Telif Hakk\u0131 Yasalar\u0131na (\u201cDMCA\u201d) uyum sa\u011fl\u0131yoruz.<\/p>\n<h3>Ticari Marka Politikas\u0131<\/h3>\n<p>Celia Homes, ZEL\u0130HA \u00c7\u0130NK\u0130TA\u015e CEL\u0130A HOMES EMLAK&#8217;nin tescilli ticari markas\u0131d\u0131r. Emlak sekt\u00f6r\u00fcnde hi\u00e7 kimse bizim logomuzu ve markam\u0131z\u0131 kullanamaz.<\/p>\n<h3>M\u00fc\u015fteri Geribildirimi<\/h3>\n<p>Hizmetimizi nas\u0131l geli\u015ftirebilece\u011fimiz konusunda yapt\u0131\u011f\u0131n\u0131z \u00f6nerileri memnuniyetle kar\u015f\u0131l\u0131yoruz. Bu \u015fartlarda veya Celia Homes ile ilgili herhangi bir sorunuz, geri bildiriminiz veya \u015fikayetiniz varsa, l\u00fctfen a\u015fa\u011f\u0131da belirtilen ileti\u015fim bilgilerini kullan\u0131n.<\/p>\n<p>Hizmetimizi en iyi \u015fekilde size nas\u0131l sunaca\u011f\u0131m\u0131z\u0131 ve nas\u0131l geli\u015ftirebilece\u011fimiz konusunda yapt\u0131\u011f\u0131n\u0131z \u00f6nerileri memnuniyetle kar\u015f\u0131l\u0131yoruz. Celia Homes ile ilgili herhangi bir sorunuz, geri bildiriminiz veya \u015fikayetiniz varsa, l\u00fctfen a\u015fa\u011f\u0131da belirtilen ileti\u015fim bilgilerini kullan\u0131n.<\/p>\n<p><strong><em>Celia Homes yasal uyar\u0131 adres bilgileri;<\/em><\/strong><\/p>\n<p><em><strong>Adres:<\/strong>\u00a0Mahmutlar Mah. Nam\u0131k Kemal Cad. Yaman Apt No: 8\/A 07450 Alanya, Antalya<\/em><br \/>\n<em><strong>Telefon:<\/strong> +90 531 202 20 72<\/em><br \/>\n<em><strong>E-posta:<\/strong><strong><a title=\"info@celiahomes.com\" href=\"mailto:info@celiahomes.com\">info@celiahomes.com<\/a><\/strong><\/em><\/p>","protected":false},"excerpt":{"rendered":"<p>celiahomes.com&#8217;e eri\u015fiminizden \u00f6nce l\u00fctfen kullan\u0131m \u015fartlar\u0131n\u0131 dikkatle okuyunuz. Siteye eri\u015fiminiz devam ederse \u015fartlar\u0131 kabul etmi\u015f say\u0131lacaks\u0131n\u0131z. Web sitelerimizde sayfalar aras\u0131nda dola\u015fmaya devam eder ve Web formumuzu kullan\u0131rsan\u0131z Kullan\u0131m \u015eartlar\u0131m\u0131z\u0131 kabul etti\u011finizi varsayar\u0131z. Bu \u015fartlar\u0131 kabul etmiyorsan\u0131z l\u00fctfen siteye girmeyiniz. 7 Nisan 2016 tarihli Ki\u015fisel Verilerin Korunmas\u0131 Hakk\u0131nda Kanun ile veri g\u00fcvenli\u011fine ve depolamaya tamamen uygundur. [&hellip;]<\/p>\n","protected":false},"author":1,"featured_media":0,"parent":0,"menu_order":0,"comment_status":"closed","ping_status":"closed","template":"template\/template-page.php","meta":[],"_links":{"self":[{"href":"https:\/\/www.celiahomes.com\/tr\/wp-json\/wp\/v2\/pages\/745"}],"collection":[{"href":"https:\/\/www.celiahomes.com\/tr\/wp-json\/wp\/v2\/pages"}],"about":[{"href":"https:\/\/www.celiahomes.com\/tr\/wp-json\/wp\/v2\/types\/page"}],"author":[{"embeddable":true,"href":"https:\/\/www.celiahomes.com\/tr\/wp-json\/wp\/v2\/users\/1"}],"replies":[{"embeddable":true,"href":"https:\/\/www.celiahomes.com\/tr\/wp-json\/wp\/v2\/comments?post=745"}],"version-history":[{"count":4,"href":"https:\/\/www.celiahomes.com\/tr\/wp-json\/wp\/v2\/pages\/745\/revisions"}],"predecessor-version":[{"id":27860,"href":"https:\/\/www.celiahomes.com\/tr\/wp-json\/wp\/v2\/pages\/745\/revisions\/27860"}],"wp:attachment":[{"href":"https:\/\/www.celiahomes.com\/tr\/wp-json\/wp\/v2\/media?parent=745"}],"curies":[{"name":"wp","href":"https:\/\/api.w.org\/{rel}","templated":true}]}}