{"id":58,"date":"2020-02-18T11:55:58","date_gmt":"2020-02-18T11:55:58","guid":{"rendered":"https:\/\/demo03.houzez.co\/?page_id=58"},"modified":"2021-07-22T10:23:42","modified_gmt":"2021-07-22T10:23:42","slug":"airport-transfer","status":"publish","type":"page","link":"https:\/\/www.celiahomes.com\/tr\/our-services\/airport-transfer\/","title":{"rendered":"Havaalan\u0131 Transferi"},"content":{"rendered":"<p>Alanya, Side, Belek veya Antalya gibi tercih etti\u011finiz b\u00f6lgeye ula\u015fmak i\u00e7in Antalya Havaliman\u0131&#8217;na (AYT) veya Alanya-Gazipa\u015fa Havaliman\u0131&#8217;na (GZP) u\u00e7abilirsiniz. Celia Homes, havaalan\u0131na vard\u0131\u011f\u0131n\u0131zda sizi ve t\u00fcm misafirleri, g\u00fcn\u00fcn veya gecenin herhangi bir saatinde se\u00e7ti\u011finiz var\u0131\u015f noktas\u0131na g\u00fcvenli bir \u015fekilde g\u00f6t\u00fcrmek i\u00e7in transferler ayarlayabilir.<!--more--><\/p>\n<p>T\u00fcm transferler\u00a0 i\u00e7in kay\u0131tl\u0131 lisansl\u0131 bir transfer\u00a0 \u015firketi kullan\u0131yoruz. Tek yapman\u0131z gereken, var\u0131\u015f\u0131n\u0131zdan veya ayr\u0131l\u0131\u015f\u0131n\u0131zdan birka\u00e7 g\u00fcn \u00f6nce bize haber vermek ve u\u00e7u\u015f bilgilerinizi bize vermektir.<\/p>\n<h3><strong>Transfer rezervasyonu yaparken l\u00fctfen a\u015fa\u011f\u0131daki bilgileri bize bildirin:<\/strong><\/h3>\n<ul>\n<li>\u0130lgili ki\u015fi (yolcu isminden biri)<\/li>\n<li>Yolcu say\u0131s\u0131 (k\u00fc\u00e7\u00fck \u00e7ocuklar size e\u015flik ediyorsa l\u00fctfen araba koltuklar\u0131 ayarlayabiliriz)<\/li>\n<li>Gerekirse ula\u015fabilece\u011fimiz cep telefonu numaras\u0131<\/li>\n<li>U\u00e7u\u015f numaras\u0131 (lar)<\/li>\n<li>Var\u0131\u015f \/ kalk\u0131\u015f tarihi<\/li>\n<li>Var\u0131\u015f \/ kalk\u0131\u015f saati<\/li>\n<\/ul>\n<p>Celia Homes transferleri, T\u00fcrkiye&#8217;deki m\u00fclk\u00fcn\u00fcze g\u00f6t\u00fcrmek i\u00e7in tamamen sigortal\u0131 modern otomobil\/mini otob\u00fcs kullanan sertifikal\u0131 bir transfer \u015firketinden ve \u00f6zel transferlerdir.<\/p>","protected":false},"excerpt":{"rendered":"<p>Sorry, this entry is only available in Amerikan \u0130ngilizcesi.<\/p>\n","protected":false},"author":1,"featured_media":17756,"parent":15835,"menu_order":0,"comment_status":"closed","ping_status":"closed","template":"template\/template-celia-page.php","meta":[],"_links":{"self":[{"href":"https:\/\/www.celiahomes.com\/tr\/wp-json\/wp\/v2\/pages\/58"}],"collection":[{"href":"https:\/\/www.celiahomes.com\/tr\/wp-json\/wp\/v2\/pages"}],"about":[{"href":"https:\/\/www.celiahomes.com\/tr\/wp-json\/wp\/v2\/types\/page"}],"author":[{"embeddable":true,"href":"https:\/\/www.celiahomes.com\/tr\/wp-json\/wp\/v2\/users\/1"}],"replies":[{"embeddable":true,"href":"https:\/\/www.celiahomes.com\/tr\/wp-json\/wp\/v2\/comments?post=58"}],"version-history":[{"count":3,"href":"https:\/\/www.celiahomes.com\/tr\/wp-json\/wp\/v2\/pages\/58\/revisions"}],"predecessor-version":[{"id":17759,"href":"https:\/\/www.celiahomes.com\/tr\/wp-json\/wp\/v2\/pages\/58\/revisions\/17759"}],"up":[{"embeddable":true,"href":"https:\/\/www.celiahomes.com\/tr\/wp-json\/wp\/v2\/pages\/15835"}],"wp:featuredmedia":[{"embeddable":true,"href":"https:\/\/www.celiahomes.com\/tr\/wp-json\/wp\/v2\/media\/17756"}],"wp:attachment":[{"href":"https:\/\/www.celiahomes.com\/tr\/wp-json\/wp\/v2\/media?parent=58"}],"curies":[{"name":"wp","href":"https:\/\/api.w.org\/{rel}","templated":true}]}}