{"id":17751,"date":"2021-07-22T09:35:52","date_gmt":"2021-07-22T09:35:52","guid":{"rendered":"https:\/\/www.celiahomes.com\/?page_id=17751"},"modified":"2026-04-06T11:06:26","modified_gmt":"2026-04-06T08:06:26","slug":"after-sale-service","status":"publish","type":"page","link":"https:\/\/www.celiahomes.com\/tr\/our-services\/after-sale-service\/","title":{"rendered":"Sat\u0131\u015f Sonras\u0131 Hizmetler"},"content":{"rendered":"<p>Hayalinizdeki eve ta\u015f\u0131nd\u0131\u011f\u0131n\u0131z ilk g\u00fcnden itibaren maksimum konforu aya\u011f\u0131n\u0131za getirecek ve evinizin keyfini s\u00fcrmeye ba\u015flayabilece\u011finiz pratik \u00e7\u00f6z\u00fcmler sunabiliriz.<\/p>\n<p><!--more--><\/p>\n<ul>\n<li><strong>Abonelik hizmetleri<\/strong>: \u0130stek \u00fczerine m\u00fc\u015fteri ad\u0131na elektrik, su, ev ve cep telefonu aboneliklerinin al\u0131nmas\u0131.\u00a0(Bu i\u015flem tapunuzu ald\u0131ktan sonra yap\u0131l\u0131r)<\/li>\n<li>Elektrik, su ve telefon faturalar\u0131n\u0131 \u00f6deme i\u00e7in d\u00fczenleme.<\/li>\n<li><strong>Dekorasyon<\/strong>: mobilya al\u0131m\u0131 ve i\u00e7 dekorasyon dan\u0131\u015fmanl\u0131\u011f\u0131.<\/li>\n<li><strong>Gayrimenkul sigortas\u0131<\/strong>: Gayrimenkul\u00fcn sigortalanmas\u0131 konusunda dan\u0131\u015fmanl\u0131k.<\/li>\n<li><strong>Temizlik<\/strong>: \u0130stenildi\u011finde daire temizli\u011fi ve havaland\u0131r\u0131lmas\u0131.<\/li>\n<li><strong>Teknik hizmetler<\/strong>: elektrik, su, \u0131s\u0131tma ve klima sistemlerinin kontrol\u00fc; m\u00fc\u015fteriye sorunun bildirip izni al\u0131nd\u0131ktan sonra, teknik personellerle sorunlar\u0131n giderilmesi.<\/li>\n<li>Bak\u0131m ve onar\u0131m hizmetleri<\/li>\n<li><strong>Otomobil kiralama<\/strong>: uygun \u015fartlarda en son model otomobilleri kiralama<\/li>\n<li>Profesyonel rehberlik hizmetleri<\/li>\n<li>\u00d6zel turistik turlar rehber ve \u015foforlu<\/li>\n<li>\u00d6zel davetler i\u00e7in organizasyon hizmetleri<\/li>\n<li>Gayrimenkul y\u00f6netimi ve bak\u0131m\u0131<\/li>\n<li>Gayrimenkul vergi beyannamelerinde yard\u0131m.<\/li>\n<\/ul>\n<p>Bu hizmetlerin bir k\u0131sm\u0131 \u00fccretsizdir ve bir k\u0131sm\u0131 \u00f6deme gerektirir.<\/p>","protected":false},"excerpt":{"rendered":"<p>Sorry, this entry is only available in Amerikan \u0130ngilizcesi.<\/p>\n","protected":false},"author":1,"featured_media":55653,"parent":15835,"menu_order":0,"comment_status":"closed","ping_status":"closed","template":"template\/template-celia-page.php","meta":[],"_links":{"self":[{"href":"https:\/\/www.celiahomes.com\/tr\/wp-json\/wp\/v2\/pages\/17751"}],"collection":[{"href":"https:\/\/www.celiahomes.com\/tr\/wp-json\/wp\/v2\/pages"}],"about":[{"href":"https:\/\/www.celiahomes.com\/tr\/wp-json\/wp\/v2\/types\/page"}],"author":[{"embeddable":true,"href":"https:\/\/www.celiahomes.com\/tr\/wp-json\/wp\/v2\/users\/1"}],"replies":[{"embeddable":true,"href":"https:\/\/www.celiahomes.com\/tr\/wp-json\/wp\/v2\/comments?post=17751"}],"version-history":[{"count":3,"href":"https:\/\/www.celiahomes.com\/tr\/wp-json\/wp\/v2\/pages\/17751\/revisions"}],"predecessor-version":[{"id":17755,"href":"https:\/\/www.celiahomes.com\/tr\/wp-json\/wp\/v2\/pages\/17751\/revisions\/17755"}],"up":[{"embeddable":true,"href":"https:\/\/www.celiahomes.com\/tr\/wp-json\/wp\/v2\/pages\/15835"}],"wp:featuredmedia":[{"embeddable":true,"href":"https:\/\/www.celiahomes.com\/tr\/wp-json\/wp\/v2\/media\/55653"}],"wp:attachment":[{"href":"https:\/\/www.celiahomes.com\/tr\/wp-json\/wp\/v2\/media?parent=17751"}],"curies":[{"name":"wp","href":"https:\/\/api.w.org\/{rel}","templated":true}]}}