{"id":17172,"date":"2020-03-03T06:39:01","date_gmt":"2020-03-03T06:39:01","guid":{"rendered":"https:\/\/demo03.houzez.co\/?page_id=17172"},"modified":"2021-07-22T16:07:51","modified_gmt":"2021-07-22T16:07:51","slug":"home-cleaning","status":"publish","type":"page","link":"https:\/\/www.celiahomes.com\/tr\/our-services\/home-cleaning\/","title":{"rendered":"Ev Temizli\u011fi"},"content":{"rendered":"<p>Celia Homes olarak temizlik ihtiya\u00e7lar\u0131n\u0131zda da siz de\u011ferli m\u00fc\u015fterilerimize; Daire, dubleks veya villa gibi gayrimenkulleriniz i\u00e7in temizlik hizmetleri vermekteyiz.<!--more--><\/p>\n<p>Temizlik her insan\u0131n \u00f6nem verdi\u011fi vazge\u00e7ilemeyecek bir durumdur ve bir\u00e7ok insan ya\u015fam alanlar\u0131n\u0131 kendisi temizlemektedir. Fakat baz\u0131 durumlarda bir\u00e7ok insan temizlik ihtiya\u00e7lar\u0131 i\u00e7in yard\u0131ma ihtiya\u00e7 duymaktad\u0131r.<\/p>\n<p>Siz de\u011ferli m\u00fc\u015fterilerimize bu hizmetleri, temizlik i\u015flerinde \u00fcst\u00fcn kalitede hizmet verebilecek, art\u0131 de\u011ferleri olan sosyal ve fiziksel \u00e7evreyi \u00f6zenle koruyan, \u00e7al\u0131\u015fanlar\u0131n\u0131n ve m\u00fc\u015fterilerinin gurur duydu\u011fu bir \u015firket olma gayretinde olan b\u00f6lgemizin se\u00e7kin firmalar\u0131 ile yine Celia Homes g\u00fcvencesi alt\u0131nda ihtiya\u00e7lar\u0131n\u0131za g\u00f6re, sizlere y\u00f6nlendiriyoruz!<\/p>\n<p>Temizlik hizmetleri ile ilgi baz\u0131 ba\u015fl\u0131klar:<\/p>\n<ul>\n<li>Daire temizli\u011fi<\/li>\n<li>Villa temizli\u011fi<\/li>\n<li>Cam temizli\u011fi<\/li>\n<li>Merdiven temizli\u011fi<\/li>\n<li>Havuz temizli\u011fi<\/li>\n<li>Periyodik temizlik<\/li>\n<li>\u0130n\u015faat sonras\u0131 temizlik veya tadilat sonras\u0131 temizlikler<\/li>\n<\/ul>\n<p><\/p>","protected":false},"excerpt":{"rendered":"<p>Sorry, this entry is only available in Amerikan \u0130ngilizcesi.<\/p>\n","protected":false},"author":1,"featured_media":17760,"parent":15835,"menu_order":0,"comment_status":"closed","ping_status":"closed","template":"template\/template-celia-page.php","meta":[],"_links":{"self":[{"href":"https:\/\/www.celiahomes.com\/tr\/wp-json\/wp\/v2\/pages\/17172"}],"collection":[{"href":"https:\/\/www.celiahomes.com\/tr\/wp-json\/wp\/v2\/pages"}],"about":[{"href":"https:\/\/www.celiahomes.com\/tr\/wp-json\/wp\/v2\/types\/page"}],"author":[{"embeddable":true,"href":"https:\/\/www.celiahomes.com\/tr\/wp-json\/wp\/v2\/users\/1"}],"replies":[{"embeddable":true,"href":"https:\/\/www.celiahomes.com\/tr\/wp-json\/wp\/v2\/comments?post=17172"}],"version-history":[{"count":4,"href":"https:\/\/www.celiahomes.com\/tr\/wp-json\/wp\/v2\/pages\/17172\/revisions"}],"predecessor-version":[{"id":17896,"href":"https:\/\/www.celiahomes.com\/tr\/wp-json\/wp\/v2\/pages\/17172\/revisions\/17896"}],"up":[{"embeddable":true,"href":"https:\/\/www.celiahomes.com\/tr\/wp-json\/wp\/v2\/pages\/15835"}],"wp:featuredmedia":[{"embeddable":true,"href":"https:\/\/www.celiahomes.com\/tr\/wp-json\/wp\/v2\/media\/17760"}],"wp:attachment":[{"href":"https:\/\/www.celiahomes.com\/tr\/wp-json\/wp\/v2\/media?parent=17172"}],"curies":[{"name":"wp","href":"https:\/\/api.w.org\/{rel}","templated":true}]}}