{"id":748,"date":"2016-03-10T18:52:12","date_gmt":"2016-03-10T18:52:12","guid":{"rendered":"https:\/\/default.houzez.co\/?page_id=748"},"modified":"2021-11-14T11:38:28","modified_gmt":"2021-11-14T11:38:28","slug":"privacy-policy","status":"publish","type":"page","link":"https:\/\/www.celiahomes.com\/sv\/privacy-policy\/","title":{"rendered":"Integritetspolicy"},"content":{"rendered":"<p><\/p>\n<h5>Integritets Policy &amp; Skydd av Personuppgifter<\/h5>\n<p>Data och Sekretesspolitik<\/p>\n<p>1. SYFTE<\/p>\n<p>Turkisk Lag om Skydd av Personuppgifter (kortfattat &#8221;KVKK-Lag&#8221;) offentligg\u00f6rs i den officiella tidningen av den 7 april 2016. Denna lag \u00e4r att skydda individers r\u00e4ttigheter och friheter, privatlivets fred och att g\u00f6ra skyldigheter mot eventuella felaktiga agera i Turkiet.<\/p>\n<p>Syftet \u00e4r att skapa en politik f\u00f6r datas\u00e4kerhet och lagring enligt lagen om skydd av personuppgifter. Celia Homes skapar och kontrollerar denna politik f\u00f6r att skydda och bevara personuppgifterna.<\/p>\n<p>2. OMFATTNING<\/p>\n<p>Omfattningen av denna policy t\u00e4cker bes\u00f6karna p\u00e5 celiahomes.com samt Celia Homes-teamet. Celia Homes \u00ae \u00e4r ett registrerat varum\u00e4rke f\u00f6r ZEL\u0130HA \u00c7\u0130NK\u0130TA\u015e CEL\u0130A HOMES EMLAK som \u00e4r ett utl\u00e4ndskt fastighetsbolag. celiahomes.com \u00e4gs av ZEL\u0130HA \u00c7\u0130NK\u0130TA\u015e CEL\u0130A HOMES EMLAK. Policyn anv\u00e4nds f\u00f6r alla aktiviteter som skapats och genomf\u00f6rs av ZEL\u0130HA \u00c7\u0130NK\u0130TA\u015e CEL\u0130A HOMES EMLAK.<\/p>\n<p>Denna politik \u00e4r uppr\u00e4ttad i enlighet med KVKK-Lagen och det b\u00f6r avtalas av alla anst\u00e4llda i Celia Homes.<\/p>\n<p>Celia Homes vill att alla sina kunder, bes\u00f6kare och anst\u00e4llda ska l\u00e4ra sig och agera i enlighet med denna politik. F\u00f6retaget ger r\u00e4tt information om denna politik och tillhandah\u00e5ller relevanta material till sina anst\u00e4llda.<\/p>\n<p>3. ORDLISTA F\u00d6R VILLKOR<\/p>\n<p>Integritets Policy<br \/>\n3.1. Celia Homes<\/p>\n<p>Celia Homes \u00e4r ett av varum\u00e4rkena f\u00f6r det internationella utl\u00e4ndska fastighetsbolaget vars juridiska namn \u00e4r ZEL\u0130HA \u00c7\u0130NK\u0130TA\u015e CEL\u0130A HOMES EMLAK.<\/p>\n<p>3.2. Explicit Samtycke<\/p>\n<p>Ett begr\u00e4nsat samtycke som ges f\u00f6r behandling av Data. Det bygger p\u00e5 fri vilja och presenteras med syftet med information.<\/p>\n<p>3.3. Anonymisering<\/p>\n<p>S\u00e4ttet att g\u00f6ra personuppgifterna om\u00f6jligt att koppla till en identifierad eller identifierbar person trots att de matchar dem med en annan data.<\/p>\n<p>3.4. Anst\u00e4llda<\/p>\n<p>Celia Homes team.<\/p>\n<p>3.5. Tj\u00e4nsteleverant\u00f6r<\/p>\n<p>Personalen i det tredje partiet som Celia Homes f\u00e5r tj\u00e4nster fr\u00e5n.<\/p>\n<p>3.6. Individuell \/ Kund \/ Bes\u00f6kare<\/p>\n<p>Den person vars personuppgifter h\u00e5lls och behandlas av Celia Homes.<\/p>\n<p>3.7. Personlig information \/ Personuppgifter<\/p>\n<p>Information om individer \/ kunder \/ bes\u00f6kare som g\u00f6r att de kan identifieras. I det h\u00e4r fallet, e-postadress och telefonnummer.<\/p>\n<p>3.8. Behandling av personuppgifter<\/p>\n<p>Verksamheten att samla, \u00e4ndra, lagra, spara, redigera eller avsl\u00f6ja personuppgifter helt eller delvis automatiskt.<\/p>\n<p>3.9. Datakontroller<\/p>\n<p>De m\u00e4nniskor som best\u00e4mmer vilken personlig information Celia Homes kommer att h\u00e5lla och hur det kommer att h\u00e5llas och anv\u00e4ndas.<\/p>\n<p>3.10. Dataprocessor<\/p>\n<p>De fysiska eller juridiska personer som behandlar uppgifterna enligt Datakontroll\u00f6ren.<\/p>\n<p>3.11. KVKK Styrelse<\/p>\n<p>Styrelsen f\u00f6r Skydd av Personuppgifter. (KVKK \u00e4r snart Skydd av Personuppgifter p\u00e5 turkiska)<\/p>\n<p>3.12. KVKK Corporation<\/p>\n<p>Korporation f\u00f6r Skydd av Personuppgifter<\/p>\n<p>3.13. KVKK-Lag<\/p>\n<p>Turkisk lag om Skydd av Personuppgifter publicerad p\u00e5 nummer 29677 utg\u00e5van av den officiella tidningen.<\/p>\n<p>3.14. Politik<\/p>\n<p>Celia Homes Politik f\u00f6r Skydd och Behandling av Personuppgifter<\/p>\n<p>4. ROLER OCH ANSVAR<\/p>\n<p>4.1. Datakontroller<\/p>\n<p>Behandlingen av Personuppgifter inneb\u00e4r att uppgifterna om insamling, \u00e4ndring, lagring, r\u00e4ddning, redigering eller avsl\u00f6jande av personuppgifter helt eller delvis automatiskt \u00f6verensst\u00e4mmer med villkoren i den Turkiska Lagen om Skydd av Personuppgifter.<\/p>\n<p>Celia Homes beh\u00f6ver samla in och anv\u00e4nda vissa typer av information om bes\u00f6kare eller kunder f\u00f6r att forts\u00e4tta v\u00e5rt arbete.<\/p>\n<p>Celia Homes \u00e4r Datakontrollanten enligt Lagen och best\u00e4mmer vad data ska anv\u00e4ndas f\u00f6r.<\/p>\n<p>4.2. Datakontrollantagent<\/p>\n<p>N\u00e4r Registret Datakontrollers \u00e4r etablerat kommer det att finnas ett behov av att ha en Datakontrollantagent. Denna agent ska vara expert p\u00e5 omr\u00e5det f\u00f6r att h\u00e5lla uppgifterna privata, bearbeta det och vidta n\u00f6dv\u00e4ndiga s\u00e4kerhets\u00e5tg\u00e4rder.<\/p>\n<p>4.3. Dataprocessor<\/p>\n<p>Dataprocessorer \u00e4r de fysiska eller juridiska personer som behandlar personuppgifterna. Processorn ska arbeta med tillst\u00e5nd av Celia Homes.<\/p>\n<p>4.4. Ansvar<\/p>\n<p>Om data behandlas av det fysiska eller juridiska folket, Celia Homes och dataprocessorerna \u00e4r skyldiga att vidta f\u00f6rsiktighets\u00e5tg\u00e4rder. Som Data Controllers, inspekterar Celia Homes att f\u00f6rtroendeprocessen mellan tv\u00e5 parter; Celia Homes och individer.<\/p>\n<p>5. R\u00c4TTSLIGA F\u00d6RPLIKTELSER<\/p>\n<p>Celia Homes har juridiska f\u00f6rpliktelser om s\u00e4kerheten och behandlingen av Personuppgifter i enlighet med KVKK-Lagen.<\/p>\n<p>F\u00f6rpliktelserna \u00e4r;<\/p>\n<p>5.1. Skyldigheten att klarg\u00f6ra<\/p>\n<p>Celia Homes \u00e4r skyldiga att klarg\u00f6ra sina bes\u00f6kare och kunder under Dataprocessen om f\u00f6ljande delar;<\/p>\n<p>\u2022 Datakontrollerns identitet,<br \/>\n\u2022 Sk\u00e4len till att bevara Personuppgifterna,<br \/>\n\u2022 De r\u00e4ttsliga sk\u00e4len till att Personuppgifterna \u00e4r lagrade,<br \/>\n\u2022 Individernas r\u00e4ttigheter.<\/p>\n<p>5.2. Skyldigheten att informera<\/p>\n<p>I enlighet med den 13: e artikeln i KVKK-Lagen \u00e4r Celia Homes skyldig att informera individer. Det \u00e4r ocks\u00e5 n\u00f6dv\u00e4ndigt att uppfylla beg\u00e4ran om information via info@celiahomes.com eller +90 531 202 20 72<\/p>\n<p>Dessa specifika \u00f6nskem\u00e5l ska skrivas av dessa personer manuellt eller med n\u00e5got annat medium som KVKK Styrelsen best\u00e4mmer.<\/p>\n<p>5.3. Skyldigheten att Tillhandah\u00e5lla Personuppgifts S\u00e4kerheten<\/p>\n<p>Som Data kontrollers \u00e4r Celia Homes skyldig att tillhandah\u00e5lla n\u00f6dv\u00e4ndiga s\u00e4kerhetstj\u00e4nster i enlighet med KVKKs 12: e artikel.<\/p>\n<p>5.4. Skyldigheten att anlita i registeret Datakontrollanter<\/p>\n<p>Celia Homes \u00e4r skyldig att anlita sig till datakontrollerns register i enlighet med KVKKs 16: e artikel.<\/p>\n<p>6. KLASSIFICERING AV PERSONUPPGIFTERNA<\/p>\n<p>6.1. Personuppgifter<\/p>\n<p>En persons namn, efternamn, datum och f\u00f6delseort, identitet, personnummer, telefonnummer, e-postadress, adress, visuell, betalningsinformation och s\u00e5dan annan information antas som Personuppgifter.<\/p>\n<p>P\u00e5 grund av medlemsklausuler beh\u00e5ller Celia Homes n\u00e5gra av dessa uppgifter, s\u00e5som namn, efternamn, telefonnummer och e-postadress.<\/p>\n<p>6.2. Privat Personuppgifter<\/p>\n<p>En persons ras, etniska r\u00f6tter, politisk \u00e5sikt, filosofisk \u00f6vertygelse, religion, sekte eller annan tro, rigs, medlemskap i n\u00e5gon grund eller etablering, h\u00e4lsoproblem, sexuellt liv, \u00f6vertygelse, s\u00e4kerhets\u00e5tg\u00e4rder, biometriska och genetiska data antas som Privat Personuppgifter. Det \u00e4r str\u00e4ngt f\u00f6rbjudet att bevara s\u00e5dana uppgifter utan individens samtycke enligt den turkiska KVKK-Lagens 6: e artikel.<\/p>\n<p>Som datakontrollant beg\u00e4r Celia Homes aldrig s\u00e5dana privata personuppgifter om det inte anges i lagarna.<\/p>\n<p>7. POLITIKEN F\u00d6R PERSONLIGT DATABR\u00c4KNING<\/p>\n<p>7.1. Principerna f\u00f6r Databehandling<\/p>\n<p>Alla insamlade data m\u00e5ste behandlas ordentligt till den 4: e artikeln och i enlighet med 5: e och 6: e artikeln i KVKK-Lagen.<\/p>\n<p>\u2022 Celia Homes ska behandla uppgifterna genom att f\u00f6lja KVKK-Lagen och andra lagaregler.<br \/>\n\u2022 Celia Homes ska vara transparenta, f\u00f6lja skyldigheterna att klarg\u00f6ra och informera genom att f\u00f6lja upp \u00e4rlighetskoden.<br \/>\n\u2022 Celia Homes ska behandla uppgifterna i r\u00e4ttvisa sk\u00e4l. Orsakerna ska vara lagliga och anges i KVKK-Lagen eller andra lagaregler.<br \/>\n\u2022 Uppgifterna ska vara i samband med sitt syfte och begr\u00e4nsas endast inom detta syfte.<br \/>\n\u2022 Celia Homes ska bearbeta data i n\u00f6dv\u00e4ndig skala. Koden f\u00f6r proportioner m\u00e5ste vara obligatorisk och endast den n\u00f6dv\u00e4ndiga delen av uppgifterna ska behandlas.<br \/>\n\u2022 Celia Homes ska endast beh\u00e5lla uppgifterna under den n\u00f6dv\u00e4ndiga perioden (se 9: e avsnittet) och b\u00f6r inte bevara data om den n\u00f6dv\u00e4ndiga perioden har g\u00e5tt anonymt.<\/p>\n<p>7.2. M\u00e5ls\u00e4ttningarna f\u00f6r Databehandling<\/p>\n<p>Celia Homes samlar inte in och sparar personliga uppgifter fr\u00e5n n\u00e5gra kunder f\u00f6r att skicka o\u00f6nskade och o\u00f6nskade uppgifter (spam). Celia Homes syftar till att bearbeta data med vissa m\u00e5l som f\u00f6ljande:<\/p>\n<p>\u2022 Personliga och kommunikationsdata som namn, efternamn, telefonnummer och e-postadress behandlas f\u00f6r webbplatsregistret och b\u00e4ttre kvalitetskommunikation.<br \/>\n\u2022 Demografisk webbplats eller applikationsbl\u00e4ddringsdata behandlas f\u00f6r att analysera och samla anv\u00e4ndarens intressepunkter. Dessa data anv\u00e4nds f\u00f6r att f\u00f6rb\u00e4ttra verksamheten och operativa aktiviteter som remarketing, omriktning och kommunikation.<br \/>\n\u2022 Social webbinformation anv\u00e4nds f\u00f6r att ge en b\u00e4ttre och l\u00e4ttare upplevelse p\u00e5 webbplatsen. Vissa sociala webbplatser som Facebook, Twitter och Google Plus kan endast anv\u00e4ndas f\u00f6r att registrera Celia Homes hemsida.<br \/>\n\u2022 Platsdata anv\u00e4nds om anv\u00e4ndaren till\u00e5ter det fr\u00e5n sina mobiltelefoner medan de bl\u00e4ddrar. Celia Homes behandlar platsdata f\u00f6r att f\u00f6resl\u00e5 egenskaper och visa n\u00e4rmaste kontor enligt platsen.<\/p>\n<p>Uppgifterna behandlas med n\u00e5gra andra syften ut\u00f6ver de m\u00e5l som tidigare angivits;<\/p>\n<p>\u2022 Celia Homes skickar fastigheter och heta erbjudanden via e-postadresserna i ett nyhetsbrev.<br \/>\n\u2022 Celia Homes behandlar varje kund individuellt genom att svara p\u00e5 fr\u00e5gor och behov som tillhandah\u00e5lls av kommunikationsdata.<br \/>\n\u2022 Celia Homes ger information om de nya tj\u00e4nsterna.<br \/>\n\u2022 Celia Homes g\u00f6r direktmarknadsf\u00f6ring.<br \/>\n\u2022 Celia Homes kan direkt kommunicera med individer om det beh\u00f6vs.<\/p>\n<p>7.3. S\u00e4kerst\u00e4lla att Uppgifterna Behandlas p\u00e5 Juridiska Grunder<\/p>\n<p>Celia Homes tar f\u00f6ljande tekniska f\u00f6rsiktighets\u00e5tg\u00e4rder f\u00f6r behandling av Personuppgifter av juridiska sk\u00e4l;<\/p>\n<p>\u2022 Att arrangera en sammanslutningsinstitution f\u00f6r behandling och lagring av Personuppgifter i enlighet med lagen,<br \/>\n\u2022 Skapa en teknisk infrastruktur f\u00f6r databasen som lagrar alla Personuppgifter,<br \/>\n\u2022 Inspektera den skapade tekniska infrastrukturen och processen,<br \/>\n\u2022 Utpeka n\u00f6dv\u00e4ndiga f\u00f6rfaranden f\u00f6r rapportering av tekniska f\u00f6rfaranden och inspektionsperioder.<\/p>\n<p>Celia Homes tar f\u00f6ljande r\u00e4ttsliga f\u00f6rsiktighets\u00e5tg\u00e4rder f\u00f6r behandling av Personuppgifter av juridiska sk\u00e4l.<\/p>\n<p>\u2022 Utbilda och informera Celia Homes anst\u00e4llda om att behandla Personuppgifterna med juridiska sk\u00e4l,<br \/>\n\u2022 Att vidta f\u00f6rsiktighets\u00e5tg\u00e4rder mot olagliga handlingar f\u00f6r att behandla Personuppgifter om kontrakt, juridiska filer och politiker,<br \/>\n\u2022 Inspektera Personuppgifter f\u00f6r tredje partens processorer och partners.<\/p>\n<p>8. POLITIKEN F\u00d6R \u00d6VERF\u00d6RING AV PERSONUPPGIFTERNA<\/p>\n<p>8.1. \u00d6verf\u00f6ring av Personuppgifter Inlands<\/p>\n<p>Celia Homes \u00e4r skyldig att agera i enlighet med KVKK-Lagen och de regler som utsetts av KVKK-Styrelsen.<\/p>\n<p>Som Datakontrollanterna \u00e4r Celia Homes skyldig att f\u00f6lja KVKK-Lagen. Celia Homes delar aldrig personuppgifter eller information med tredje part utan individens medgivande.<\/p>\n<p>Men i h\u00e4ndelse av skyldigheter enligt KVKK-Lagen och andra Konstitutionella Lagar kan Celia Homes \u00f6verf\u00f6ra uppgifterna till n\u00e4rst\u00e5ende r\u00e4ttsliga, statliga eller juridiska organ.<\/p>\n<p>8.2. \u00d6verf\u00f6ring av Personuppgifter Utomlands<\/p>\n<p>Celia Homes kan ocks\u00e5 \u00f6verf\u00f6ra data till utlandet f\u00f6r bearbetning och bevarande. Det land som kommer att ta emot personuppgifterna m\u00e5ste ha n\u00f6dv\u00e4ndiga s\u00e4kerhets\u00e5tg\u00e4rder. F\u00f6rsiktighets\u00e5tg\u00e4rderna m\u00e5ste kontrolleras av KVKK-Styrelse. Om de n\u00f6dv\u00e4ndiga f\u00f6rsiktighets\u00e5tg\u00e4rderna inte r\u00e4cker, m\u00e5ste datakontrollanterna fr\u00e5n b\u00e5de Turkiet och mottagarlandet g\u00f6ra ett skriftligt \u00e5tagande och KVKK-styrelsen m\u00e5ste godk\u00e4nna det.<\/p>\n<p>8.3. Vilken Person \/ Organisation Tar Emot Personuppgifterna?<\/p>\n<p>Auktoriserad och institutioner och organisationer: Offentlig lagstadgade organ kan ta emot de uppgifter som de beg\u00e4r enligt artikelnummer 8.1.<\/p>\n<p>Vissa program och verktyg fr\u00e5n tredje part som Bing, Google AdWords, Google Analytics, Yandex Metrica, Yandex Direct, Whatsapp, Facebook, Twitter, Instagram och JivoChat tar emot personupp gifterna fr\u00e5n kakor f\u00f6r att g\u00f6ra din webbl\u00e4sare l\u00e4ttare.<\/p>\n<p>8.4. F\u00f6rsiktighets\u00e5tg\u00e4rderna f\u00f6r \u00f6verf\u00f6ring av personuppgifter<\/p>\n<p>Tekniska f\u00f6rsiktighets\u00e5tg\u00e4rder<\/p>\n<p>\u2022 Celia Homes \u00e4r skyldiga att vidta n\u00f6dv\u00e4ndiga tekniska f\u00f6rsiktighets\u00e5tg\u00e4rder f\u00f6r obeh\u00f6rig \u00e5tkomst till och anv\u00e4ndning av personuppgifterna hos alla dataprocessorer eller f\u00f6retag trots att dessa dataprocessorer \u00e4r auktoriserade av Celia Homes.<\/p>\n<p>Verkst\u00e4llande f\u00f6rsiktighets\u00e5tg\u00e4rder<\/p>\n<p>\u2022 Celia Homes skapade inre politik om hur och i vilket syfte data ska \u00f6verf\u00f6ras. Celia Homes best\u00e4mmer ocks\u00e5 de parter som uppgifterna ska \u00f6verf\u00f6ras till.<\/p>\n<p>9. POLITIKEN F\u00d6R DEN PERSONLIGA DATA PRESERVATIONEN<\/p>\n<p>9.1. Bevara Data f\u00f6r en Viss Tid<\/p>\n<p>Enligt KVKK-Lagen \u00e4r all information relaterad till k\u00e4nda eller hittabara personer personuppgifter. All information som e-postadress, telefonnummer sparas och bevaras s\u00e4kert av Celia Homes.<\/p>\n<p>I detta avseende \u00e4r Celia Homes skyldig att agera i enlighet med lagarna samtidigt som de erh\u00e5ller och lagrar uppgifterna. Uppgifterna kommer att beh\u00e5llas tills m\u00e5len f\u00f6r bevarande (se 7.2) \u00e4r avslutad. Enligt de offentliga f\u00f6rpliktelserna b\u00f6r uppgifterna h\u00e5llas i genomsnitt 2 \u00e5r.<\/p>\n<p>Denna period \u00e4ndras fr\u00e5n lag till lag. Till exempel, enligt skattelagen lagar registren och legitimationen m\u00e5ste h\u00e5llas i 5 \u00e5r.<\/p>\n<p>9.2. F\u00f6rsiktighets\u00e5tg\u00e4rderna f\u00f6r behandling av personuppgifter<\/p>\n<p>Tekniska f\u00f6rsiktighets\u00e5tg\u00e4rder<\/p>\n<p>\u2022 Celia Homes tar f\u00f6rsiktighets\u00e5tg\u00e4rder f\u00f6r att skydda Personuppgifterna. De system och kontrollmekanismer som beh\u00f6vs skapas som en teknisk f\u00f6rsiktighet.<\/p>\n<p>Verkst\u00e4llande f\u00f6rsiktighets\u00e5tg\u00e4rder<\/p>\n<p>\u2022 Celia Homes skapar ocks\u00e5 medvetenhet om och utbildning om att bevara Personuppgifterna bland sina anst\u00e4llda.<br \/>\n\u2022 Celia Homes ansvarar f\u00f6r att inspektera dessa f\u00f6rsiktighets\u00e5tg\u00e4rder f\u00f6r att bevara Personuppgifterna.<\/p>\n<p>10. S\u00c4KERHETSPOLITIK F\u00d6R PERSONUPPGIFTERNA<\/p>\n<p>Integritets Policy<br \/>\n10.1. Celia Homes ansvar f\u00f6r datas\u00e4kerhet<\/p>\n<p>Celia Homes har ansvar f\u00f6r att skydda Personuppgifterna enligt 12: e Lagstext om Skydd av Personuppgifter. Celia Homes ansvarar f\u00f6r;<\/p>\n<p>\u2022 f\u00f6rhindra att personuppgifterna behandlas mot n\u00e5gon lag,<br \/>\n\u2022 regelbundet inspektera f\u00f6rsiktighets\u00e5tg\u00e4rderna,<br \/>\n\u2022 tillhandah\u00e5lla tillr\u00e4ckligt med teknisk utrustning f\u00f6r att stoppa infiltrering i personuppgifter,<br \/>\n\u2022 informera auktoriserade organ i alla fall infiltrering.<\/p>\n<p>10.2. F\u00f6rsiktighets\u00e5tg\u00e4rder f\u00f6r att Skydda Personuppgifterna<\/p>\n<p>Celia Homes tar n\u00f6dv\u00e4ndiga f\u00f6rsiktighets\u00e5tg\u00e4rder i tider med s\u00e4kerhetsrisk i syfte att h\u00e5lla Personuppgifterna s\u00e4kra och s\u00e4kra. Dessa f\u00f6rsiktighets\u00e5tg\u00e4rder \u00e4r f\u00f6ljande:<\/p>\n<p>Tekniska och Praktiska f\u00f6rsiktighets\u00e5tg\u00e4rder<\/p>\n<p>De tekniska och verkst\u00e4llande f\u00f6rsiktighets\u00e5tg\u00e4rderna f\u00f6r personuppgifter, \u00f6verf\u00f6ring och s\u00e4kerhet anges i de relaterade artiklarna. Om personuppgifterna fortfarande infiltreras och uppn\u00e5s obeh\u00f6rigt av tredje man, \u00e4r Celia Homes skyldig att vidta f\u00f6rsiktighets\u00e5tg\u00e4rder f\u00f6r att skydda enskilda personer enligt lagen.<\/p>\n<p>F\u00f6rsiktighets\u00e5tg\u00e4rder och inspektion f\u00f6r s\u00e4kerheten i personuppgifterna<\/p>\n<p>Celia Homes f\u00f6rbereder en rapport om datainspelarens l\u00e4mplighet f\u00f6r KVKK-lagen. Recorderen inspekteras regelbundet och rapporten presenteras f\u00f6r den beh\u00f6riga personen eller styrelsen.<\/p>\n<p>F\u00f6rsiktighets\u00e5tg\u00e4rder vid offentligg\u00f6rande utan tillst\u00e5nd<\/p>\n<p>Celia Homes \u00e4r skyldig att hindra all upplysningsverksamhet, vidta n\u00f6dv\u00e4ndiga f\u00f6rsiktighets\u00e5tg\u00e4rder och skapa en inre politik. I alla h\u00e4ndelser av upplysningar utan tillst\u00e5nd \u00e4r Celia Homes skyldig att informera den visade personen och KVKK-Styrelse.<\/p>\n<p>11. R\u00c4TTIGHETER F\u00d6R INDIVIDUALER<\/p>\n<p>11.1. R\u00e4tt till Tillg\u00e5ng Egna Personuppgifter<\/p>\n<p>Personer, kunder och bes\u00f6kare har r\u00e4tt att f\u00e5 tillg\u00e5ng till sina personuppgifter utan att g\u00f6ra n\u00e5gra betalningar. Individer kan;<\/p>\n<p>\u2022 l\u00e4ra sig om deras Data bearbetas eller inte,<br \/>\n\u2022 Be om information om operationen om Data bearbetas,<br \/>\n\u2022 ifr\u00e5gas\u00e4tta syftet att bearbeta och l\u00e4ra sig om de Data som anv\u00e4nds f\u00f6r sitt syfte<\/p>\n<p>11.2. R\u00e4tt att \u00c4ndra eller ta Bort Egna Personuppgifter<\/p>\n<p>Personer, kunder och bes\u00f6kare kan \u00e4ndra eller ta bort personuppgifter utan att g\u00f6ra n\u00e5gra betalningar. Individer kan;<\/p>\n<p>\u2022 beg\u00e4ra att Uppgifterna korrigeras i alla fall felaktig eller saknad information,<br \/>\n\u2022 beg\u00e4ra att Uppgifterna raderas om syftet med att h\u00e5lla Data \u00e4r inte l\u00e4ngre aktivt,<br \/>\n\u2022 beg\u00e4ra att dessa f\u00f6rfaranden informeras om tredje part processorer,<br \/>\n\u2022 mots\u00e4tta sig n\u00e5got ogynnsamt resultat som framg\u00e5r av analysen av de bearbetade data med automatiska system.<\/p>\n<p>11.3. Uppdatering av egna personuppgifter<\/p>\n<p>I vilket fall som helst efterfr\u00e5gan p\u00e5 tillg\u00e5ng, \u00e4ndring eller radering av egna personuppgifter kan du kontakta oss.<\/p>\n<p>via telefon: +90 531 202 20 72<br \/>\nvia e-post: info@celiahomes.com<br \/>\nvia personligt m\u00f6te eller brev: Mahmutlar Mah. Nam\u0131k Kemal Cad. Yaman Apt No: 8\/A 07450 Alanya, Turkiet<\/p>\n<p>11.4. Ans\u00f6kan av Personer och Utv\u00e4rdering<\/p>\n<p>Personer kan kr\u00e4va att de n\u00e5r sina behandlade uppgifter och anv\u00e4ndning av deras r\u00e4ttigheter som anges i denna politik. Celia Homes skapar dessa kommunikationsm\u00f6jligheter. Ans\u00f6kningarna svaras alla p\u00e5 kort tid, inte mer \u00e4n vad KVKK-Lagen f\u00f6ruts\u00e4tter.<\/p>\n<p>Dessa personer b\u00f6r samr\u00e5da med de f\u00f6retr\u00e4dare som kommer att klarg\u00f6ras av Celia Homes och deklareras av Registret Datakontrollers. Datakontroller representativ kommer att avsluta dessa ans\u00f6kningar inom kort tid och inte mer \u00e4n 30 dagar utan avgift eller med en betalning som KVKK-Styrelsen best\u00e4mmer.<\/p>\n<p>F\u00f6r att starta denna process b\u00f6r enskilda s\u00e4nda sina ans\u00f6kningar till datakontrollantrepresentanten vid KVKK-Styrelse. Ans\u00f6kningarna ska skrivas som ett brev tills styrelsen best\u00e4mmer ett annat s\u00e4tt att g\u00f6ra det. Den enskilde borde uttrycka sina ans\u00f6kningar tydligt och skicka det formella brevet som ett registrerat och svarbetalt brev till;<\/p>\n<p>Mahmutlar Mah. Nam\u0131k Kemal Cad. Yaman Apt No: 8\/A 07450 Alanya, Turkiet<\/p>\n<p>Ans\u00f6kan accepteras eller avvisas av datakontrollantrepresentanter och besvaras skriftligt eller elektroniskt. Om ans\u00f6kan accepteras kommer beg\u00e4ran att utf\u00f6ras av Celia Homes. Om felet tillh\u00f6r Celia Homes, betalas betalningen till individerna.<\/p>\n<p>Om ans\u00f6kan avsl\u00e5s, svaret inte r\u00e4cker till eller om det inte besvaras i givet tid kan individen skriva ett klagom\u00e5l inom 30 dagar om det besvaras till 60 dagar.<\/p>\n<p>12. COOKIE POLITIK<\/p>\n<p>Cookie Politik g\u00e4ller f\u00f6r mobil\/webbplatser och applikation som utf\u00f6rs av Celia Homes.<\/p>\n<p>Celia Homes anv\u00e4nder Cookies f\u00f6r att berika bes\u00f6karnas upplevelse och presentera dem en b\u00e4ttre webb- och mobiltj\u00e4nst. Bes\u00f6karna kan alltid blockera cookies fr\u00e5n deras webbl\u00e4sarinst\u00e4llningar. Blockering eller begr\u00e4nsning av Cookie-transaktionen kan dock p\u00e5verka den smidiga upplevelse bes\u00f6karna skulle ha.<\/p>\n<p>Bes\u00f6kare antas ha accepterat cookies s\u00e5 l\u00e4nge de inte blockerar eller begr\u00e4nsar cookies.<\/p>\n<p>13. PUBLICERING OCH BEVARANDE AV POLITIKEN<\/p>\n<p>Den senaste versionen av Integritets Policy reglerar v\u00e5r samling, anv\u00e4ndning och information om dig och kommer att ligga h\u00e4r. Om vi v\u00e4sentligt \u00e4ndrar Data- och Integritets Policy meddelar vi dig via e-post eller genom att skicka ett meddelande till Tj\u00e4nsten f\u00f6re \u00e4ndrings datumets giltighets datum. Genom att forts\u00e4tta att komma \u00e5t eller anv\u00e4nda Tj\u00e4nsten efter att \u00e4ndringarna tr\u00e4tt i kraft, bekr\u00e4ftar du den reviderade Integritets Policy.<\/p>\n<p>14. PERIODEN F\u00d6R UPPDATERING AV POLITIKEN<\/p>\n<p>Vi kan uppdatera Integritets Policy f\u00f6r att spegla f\u00f6r\u00e4ndringar i v\u00e5r informations praxis. Om vi g\u00f6r n\u00e5gra \u00e4ndringar kommer vi att meddela p\u00e5 Celia Homes hemsida, och vi meddelar dig via e-post (skickad till den e-postadress som anges i ditt konto). \u00c4ndringar kommer att vara effektiva efter det senaste uppdaterings datum.<\/p>\n<p>Senast uppdaterad: 25 Maj 2018. Denna Integritets Policy g\u00e4ller omedelbart f\u00f6r anv\u00e4ndare som bes\u00f6ker webb platsen Celia Homes den 25 Maj 2018 eller senare.<\/p>\n<p>15. GILTIGHET<\/p>\n<p>Denna politik kommer att vara giltig s\u00e5 snart den publiceras tills den tas bort fr\u00e5n mobilen eller webbplatsen.<\/p>\n<p>16. S\u00c4KERHET<\/p>\n<p>Vi har inf\u00f6rt tekniska och organisatoriska s\u00e4kerhets\u00e5t g\u00e4rder f\u00f6r att f\u00f6rhindra att dina personupp gifter blir oavsiktligt f\u00f6rlorade, anv\u00e4nds eller \u00e5tkomliga p\u00e5 obeh\u00f6rigt s\u00e4tt, \u00e4ndras eller avsl\u00f6jas. Ingen \u00f6verf\u00f6rings metod \u00f6ver Internet eller via mobilenheten eller metoden f\u00f6r elektronisk lagring \u00e4r dock 100% s\u00e4ker. Celia Homes v\u00e4grar uttryckligen n\u00e5gon s\u00e5dan skyldighet.<\/p>\n<p>17. INTERNATIONELL DATA OVERFORING<\/p>\n<p>F\u00f6r inv\u00e5nare i EES eller Schweiz, var v\u00e4nlig notera att personuppgifterna vi erh\u00e5ller fr\u00e5n eller om dig kan \u00f6verf\u00f6ras, behandlas och lagras utanf\u00f6r EES eller Schweiz f\u00f6r de \u00e4ndam\u00e5l som beskrivs i denna Integritets Policy, inklusive i USA. Vi tar v\u00e5ra anv\u00e4ndares integritet p\u00e5 allvar och d\u00e4rf\u00f6r vidta \u00e5tg\u00e4rder f\u00f6r att skydda din information, inklusive att garantera en adekvat niv\u00e5 av dataskydd i enlighet med E.U. standarder. Dessa inkluderar att genomf\u00f6ra Europeiska kommissionens standard avtalsklausuler f\u00f6r \u00f6verf\u00f6ring av personupp gifter mellan v\u00e5ra koncern f\u00f6retag, vilket kr\u00e4ver att alla koncern f\u00f6retag skyddar den personliga information som de behandlar fr\u00e5n EES i enlighet med Europeiska Unionens lagar om skydd av personupp gifter. Vi har genomf\u00f6rt liknande l\u00e4mpliga skydds\u00e5tg\u00e4rder med v\u00e5ra tredjeparts tj\u00e4nst televerant\u00f6rer och partners och ytterligare detaljer kan l\u00e4mnas p\u00e5 beg\u00e4ran.<\/p>","protected":false},"excerpt":{"rendered":"<p>Integritets Policy &amp; Skydd av Personuppgifter Data och Sekretesspolitik 1. SYFTE Turkisk Lag om Skydd av Personuppgifter (kortfattat &#8221;KVKK-Lag&#8221;) offentligg\u00f6rs i den officiella tidningen av den 7 april 2016. Denna lag \u00e4r att skydda individers r\u00e4ttigheter och friheter, privatlivets fred och att g\u00f6ra skyldigheter mot eventuella felaktiga agera i Turkiet. Syftet \u00e4r att skapa en [&hellip;]<\/p>\n","protected":false},"author":1,"featured_media":0,"parent":0,"menu_order":0,"comment_status":"closed","ping_status":"closed","template":"template\/template-page.php","meta":[],"_links":{"self":[{"href":"https:\/\/www.celiahomes.com\/sv\/wp-json\/wp\/v2\/pages\/748"}],"collection":[{"href":"https:\/\/www.celiahomes.com\/sv\/wp-json\/wp\/v2\/pages"}],"about":[{"href":"https:\/\/www.celiahomes.com\/sv\/wp-json\/wp\/v2\/types\/page"}],"author":[{"embeddable":true,"href":"https:\/\/www.celiahomes.com\/sv\/wp-json\/wp\/v2\/users\/1"}],"replies":[{"embeddable":true,"href":"https:\/\/www.celiahomes.com\/sv\/wp-json\/wp\/v2\/comments?post=748"}],"version-history":[{"count":4,"href":"https:\/\/www.celiahomes.com\/sv\/wp-json\/wp\/v2\/pages\/748\/revisions"}],"predecessor-version":[{"id":27853,"href":"https:\/\/www.celiahomes.com\/sv\/wp-json\/wp\/v2\/pages\/748\/revisions\/27853"}],"wp:attachment":[{"href":"https:\/\/www.celiahomes.com\/sv\/wp-json\/wp\/v2\/media?parent=748"}],"curies":[{"name":"wp","href":"https:\/\/api.w.org\/{rel}","templated":true}]}}