{"id":58,"date":"2020-02-18T11:55:58","date_gmt":"2020-02-18T11:55:58","guid":{"rendered":"https:\/\/demo03.houzez.co\/?page_id=58"},"modified":"2021-07-22T10:23:42","modified_gmt":"2021-07-22T10:23:42","slug":"airport-transfer","status":"publish","type":"page","link":"https:\/\/www.celiahomes.com\/sv\/our-services\/airport-transfer\/","title":{"rendered":"Flygplatstransfer"},"content":{"rendered":"<p>Celia Homes erbjuder flygtransfer f\u00f6r dig och dina g\u00e4ster fr\u00e5n\/till Antalya flygplats (AYT) eller Alanya \u2013 Gazipasa (GZP) till\/fr\u00e5n boendet i Alanya, Side, Belek eller Antalya. Vi kan ordna transfer f\u00f6r s\u00e5v\u00e4l enskilda resen\u00e4rer som till sm\u00e5 och stora grupper.<!--more--><\/p>\n<p>Om ni \u00f6nskar transfer, meddela oss ett par dagar innan ankomst eller avg\u00e5ng och v\u00e4nligen uppge f\u00f6ljande information:<\/p>\n<ul>\n<li>Kontaktperson (En av passagerarens namn)<\/li>\n<li>Antal passagerare (\u00d6nskar ni barnstol, v\u00e4nligen meddela detta )<\/li>\n<li>Mobilnummer som vi kan n\u00e5 er p\u00e5 vid behov<\/li>\n<li>Flygnummer Tur\/retur<\/li>\n<li>Ankomstdatum\/Avresedatum<\/li>\n<li>Ankomsttid\/Avg\u00e5ngstid<\/li>\n<\/ul>\n<p>Celia Homes erbjuder privat transfer av en licenserade transfer firma som anv\u00e4nder sig av moderna bilar\/minibussar<\/p>","protected":false},"excerpt":{"rendered":"<p>Tyv\u00e4rr \u00e4r denna artikel enbart tillg\u00e4nglig p\u00e5 Amerikansk Engelska.<\/p>\n","protected":false},"author":1,"featured_media":17756,"parent":15835,"menu_order":0,"comment_status":"closed","ping_status":"closed","template":"template\/template-celia-page.php","meta":[],"_links":{"self":[{"href":"https:\/\/www.celiahomes.com\/sv\/wp-json\/wp\/v2\/pages\/58"}],"collection":[{"href":"https:\/\/www.celiahomes.com\/sv\/wp-json\/wp\/v2\/pages"}],"about":[{"href":"https:\/\/www.celiahomes.com\/sv\/wp-json\/wp\/v2\/types\/page"}],"author":[{"embeddable":true,"href":"https:\/\/www.celiahomes.com\/sv\/wp-json\/wp\/v2\/users\/1"}],"replies":[{"embeddable":true,"href":"https:\/\/www.celiahomes.com\/sv\/wp-json\/wp\/v2\/comments?post=58"}],"version-history":[{"count":3,"href":"https:\/\/www.celiahomes.com\/sv\/wp-json\/wp\/v2\/pages\/58\/revisions"}],"predecessor-version":[{"id":17759,"href":"https:\/\/www.celiahomes.com\/sv\/wp-json\/wp\/v2\/pages\/58\/revisions\/17759"}],"up":[{"embeddable":true,"href":"https:\/\/www.celiahomes.com\/sv\/wp-json\/wp\/v2\/pages\/15835"}],"wp:featuredmedia":[{"embeddable":true,"href":"https:\/\/www.celiahomes.com\/sv\/wp-json\/wp\/v2\/media\/17756"}],"wp:attachment":[{"href":"https:\/\/www.celiahomes.com\/sv\/wp-json\/wp\/v2\/media?parent=58"}],"curies":[{"name":"wp","href":"https:\/\/api.w.org\/{rel}","templated":true}]}}