{"id":17295,"date":"2020-02-18T11:32:48","date_gmt":"2020-02-18T11:32:48","guid":{"rendered":"https:\/\/demo03.houzez.co\/?page_id=14"},"modified":"2021-07-22T16:31:40","modified_gmt":"2021-07-22T16:31:40","slug":"inspection-trip","status":"publish","type":"page","link":"https:\/\/www.celiahomes.com\/sv\/our-services\/inspection-trip\/","title":{"rendered":"Visningsresa"},"content":{"rendered":"<p><\/p>\n<h6>Vad s\u00e4gs om se alla Fastigheter i Turkiet p\u00e5 Plats?<\/h6>\n<p>Visningsresan \u00e4r minst 4 dagar. Celia Homes anordnar transfer till\/fr\u00e5n flygplatsen (Antalya \/ Alanya) och fullt m\u00f6blerad l\u00e4genhet med alla bekv\u00e4mligheter och faciliteter.<!--more--><\/p>\n<p>Du h\u00e4mtas av v\u00e5r transferpersonal fr\u00e5n flygplatsen som k\u00f6r dig till bostaden som vi har arrangerat inf\u00f6r din visningsresa i Turkiet.<\/p>\n<p>N\u00e4r du k\u00f6per bostad av oss s\u00e5 ing\u00e5r 4 stj\u00e4rnigt hotell.<\/p>\n<p>OBS! Vid n\u00e5gra problem, \u00e4r du alltid v\u00e4lkommen att ringa oss, dygnet runt: <a href=\"https:\/\/wa.me\/905312022072\" target=\"_blank\" rel=\"noopener\">+90 531 202 20 72<\/a> WhatsApp<\/p>\n<p><strong>Introduktion och visning av regionen<\/strong><\/p>\n<p>Din agent bes\u00f6ker dig dagen efter din ankomst f\u00f6r ett introduktionsm\u00f6te. D\u00e5 f\u00e5r du m\u00f6jligheten att tillsammans med din agent prata om din planerade visningsresa. Vi ger dig information om proceduren att k\u00f6pa fastighet i Turkiet samt informerar om v\u00e5ra tj\u00e4nster under och efter k\u00f6pprocessen. Visningsresan b\u00f6rjar med en sightseeing av regionen f\u00f6r att kunna ge dig en helt\u00e4ckande bild och information om de olika omr\u00e5dena. D\u00e5 kan du l\u00e4ttare v\u00e4lja ditt favoritomr\u00e5de!<\/p>\n<p><strong>Fastighetsvisning<\/strong><\/p>\n<p>Vi visar dig fastigheter utifr\u00e5n ditt eget \u00f6nskem\u00e5l och krav, och din egen budget. Vi visar upp till 5 fastigheter p\u00e5 en visningsdag f\u00f6r att ge dig en tydligare bild om olika fastigheter.<\/p>\n<p>Du kommer att f\u00e5 m\u00f6jligheten att bes\u00f6ka den fastigheten du \u00e4r mest intresserad av \u00e4nnu en g\u00e5ng samt f\u00e5r detaljerad information om den.<\/p>\n<p><strong>K\u00f6pprocess\/avtal<\/strong><\/p>\n<p>F\u00f6r att g\u00f6ra det l\u00e4ttare f\u00f6r dig s\u00e5 g\u00e5r vi igenom k\u00f6pprocessen \u00e4nnu en g\u00e5ng n\u00e4r du best\u00e4mmer dig att k\u00f6pa fastigheten.<\/p>\n<p>F\u00f6r att g\u00f6ra k\u00f6pet p\u00e5 det mest s\u00e4kra och lagliga s\u00e4ttet s\u00e5 ska k\u00f6paren \u00f6ppna ett bankkonto i Turkiet samt registrera sig p\u00e5 det turkiska skattekontoret f\u00f6r att f\u00e5 ett skattenummer.<\/p>\n<p>Vi hj\u00e4lper dig naturligtvis med allt och ser till att k\u00f6pprocessen g\u00e5r s\u00e5 enkelt och smidigt som m\u00f6jligt!<\/p>","protected":false},"excerpt":{"rendered":"<p>Tyv\u00e4rr \u00e4r denna artikel enbart tillg\u00e4nglig p\u00e5 Amerikansk Engelska.<\/p>\n","protected":false},"author":1,"featured_media":17784,"parent":15835,"menu_order":0,"comment_status":"closed","ping_status":"closed","template":"template\/template-celia-page.php","meta":[],"_links":{"self":[{"href":"https:\/\/www.celiahomes.com\/sv\/wp-json\/wp\/v2\/pages\/17295"}],"collection":[{"href":"https:\/\/www.celiahomes.com\/sv\/wp-json\/wp\/v2\/pages"}],"about":[{"href":"https:\/\/www.celiahomes.com\/sv\/wp-json\/wp\/v2\/types\/page"}],"author":[{"embeddable":true,"href":"https:\/\/www.celiahomes.com\/sv\/wp-json\/wp\/v2\/users\/1"}],"replies":[{"embeddable":true,"href":"https:\/\/www.celiahomes.com\/sv\/wp-json\/wp\/v2\/comments?post=17295"}],"version-history":[{"count":4,"href":"https:\/\/www.celiahomes.com\/sv\/wp-json\/wp\/v2\/pages\/17295\/revisions"}],"predecessor-version":[{"id":17914,"href":"https:\/\/www.celiahomes.com\/sv\/wp-json\/wp\/v2\/pages\/17295\/revisions\/17914"}],"up":[{"embeddable":true,"href":"https:\/\/www.celiahomes.com\/sv\/wp-json\/wp\/v2\/pages\/15835"}],"wp:featuredmedia":[{"embeddable":true,"href":"https:\/\/www.celiahomes.com\/sv\/wp-json\/wp\/v2\/media\/17784"}],"wp:attachment":[{"href":"https:\/\/www.celiahomes.com\/sv\/wp-json\/wp\/v2\/media?parent=17295"}],"curies":[{"name":"wp","href":"https:\/\/api.w.org\/{rel}","templated":true}]}}