{"id":745,"date":"2016-03-10T18:51:46","date_gmt":"2016-03-10T18:51:46","guid":{"rendered":"https:\/\/default.houzez.co\/?page_id=745"},"modified":"2021-11-14T12:15:31","modified_gmt":"2021-11-14T12:15:31","slug":"terms-and-conditions","status":"publish","type":"page","link":"https:\/\/www.celiahomes.com\/no\/terms-and-conditions\/","title":{"rendered":"Vilk\u00e5r og betingelser"},"content":{"rendered":"<p><\/p>\n<h5>Villkor f\u00f6r Anv\u00e4ndning &amp; Betingelser<\/h5>\n<p><strong>Termer f\u00f6r Webbplatsen Anv\u00e4ndning<\/strong><br \/>\nL\u00e4s villkoren f\u00f6r anv\u00e4ndning av webbplatsen noggrant innan du navigerar i celiahomes.com\/se som \u00e4gs av ZEL\u0130HA \u00c7\u0130NK\u0130TA\u015e CEL\u0130A HOMES EMLAK. Forts\u00e4tt att anv\u00e4nda v\u00e5r webbplats indikerar; att du accepterar v\u00e5ra anv\u00e4ndarvillkor. Om du forts\u00e4tter att navigera mellan webbplatserna och genom att fylla i webbformul\u00e4ret antar vi att du samtycker till v\u00e5ra anv\u00e4ndarvillkor. Om du inte samtycker till dessa anv\u00e4ndarvillkor, undvik att anv\u00e4nda v\u00e5r webbplats.<\/p>\n<p>ZEL\u0130HA \u00c7\u0130NK\u0130TA\u015e CEL\u0130A HOMES EMLAK (&laquo;Celia Homes&raquo;, &laquo;vi&raquo; eller &laquo;us&raquo; nedan) \u00e4r \u00e4garf\u00f6retaget till Celia Homes-m\u00e4rket och f\u00f6ljer fullst\u00e4ndigt datas\u00e4kerhet och lagring enligt lagen om skydd av personuppgifter den 7 april 2016.<\/p>\n<p>\u00c4ndringar i V\u00e5ra Villkor och Webbplats<br \/>\nCelia Homes kan n\u00e4r som helst \u00e4ndra eller avbryta villkoren och webbplatsen. Varje g\u00e5ng du vill anv\u00e4nda celiahomes.com\/se (kallad &laquo;webbplatsen&raquo;), var v\u00e4nlig kontrollera dessa villkor s\u00e5 att du f\u00f6rst\u00e5r de villkor som g\u00e4ller vid den tiden. Om du inte avslutar din anv\u00e4ndning, De nya villkor tr\u00e4der i kraft omedelbart och g\u00e4ller f\u00f6r eventuell fortsatt eller ny anv\u00e4ndning av tj\u00e4nsten.<\/p>\n<p>Vilka \u00c4r Vi?<br \/>\nCelia Homes \u00ae drivs av det internationella utl\u00e4ndska fastighetsbolaget vars juridiska namn \u00e4r ZEL\u0130HA \u00c7\u0130NK\u0130TA\u015e CEL\u0130A HOMES EMLAK. celiahomes.com\/se \u00e4gs av ZEL\u0130HA \u00c7\u0130NK\u0130TA\u015e CEL\u0130A HOMES EMLAK.\u00a0 Alanya Handelskammare Nummer \u00e4r 019169.<\/p>\n<p>Celia Homes attityd bygger p\u00e5 integritet, godhet och excellens. Vi diskriminerar aldrig m\u00e4nniskor p\u00e5 k\u00f6n, ras eller hudf\u00e4rg. Du kan f\u00e5 detaljerad information om Celia Homes h\u00e4r.<\/p>\n<p>Syftet med Webbplatsen<br \/>\nUnder varum\u00e4rket Celia Homes \u00e4r det syftet med internet publikationer p\u00e5 olika spr\u00e5k och p\u00e5 olika omr\u00e5den;<\/p>\n<p>\u2022 Att inf\u00f6ra tj\u00e4nster av &laquo;Celia Homes&raquo; p\u00e5 olika fr\u00e4mmande spr\u00e5k<br \/>\n\u2022 Att informera om k\u00f6p av fastigheter<br \/>\n\u2022 Listning av fastighetsannonser<br \/>\n\u2022 Att publicera nyheter och artiklar om fastighets marknaden.<\/p>\n<p>Vi Anv\u00e4nder Cookies<br \/>\nCookies \u00e4r sm\u00e5 filer placerade p\u00e5 din enhet n\u00e4r du bes\u00f6ker v\u00e5r webbplats. Vi anv\u00e4nder egna cookies fr\u00e5n tredje part f\u00f6r att k\u00e4nna igen dig och dina preferenser, f\u00f6rb\u00e4ttra v\u00e5r webbplatss prestanda och skapa statistiska data.<\/p>\n<p>Varf\u00f6r Samlar Vi in Dina Uppgifter?<br \/>\nSom ett fastighetsbolag samlar Celia Homes data f\u00f6r att ge individer information och tj\u00e4nster. Vi beh\u00f6ver denna information f\u00f6r att f\u00f6rst\u00e5 dina behov och ge dig en b\u00e4ttre service, och s\u00e4rskilt av f\u00f6ljande sk\u00e4l:<\/p>\n<p>\u2022 Personlig och kommunikation information, s\u00e5som namn, efternamn, telefon nummer och e-post adress f\u00f6r b\u00e4ttre kvalitets kommunikation. Vi anv\u00e4nder ocks\u00e5 denna information f\u00f6r att skicka varma erbjudanden i nyhets brev format via din e-post adress och informera dig om v\u00e5ra nya tj\u00e4nster.<\/p>\n<p>\u2022 Demografisk webbplats eller applikation bl\u00e4ddrings information f\u00f6r att analysera och samla anv\u00e4ndarens intressepunkter. Dessa data anv\u00e4nds f\u00f6r att f\u00f6rb\u00e4ttra aff\u00e4rsverksamheten och operativa aktiviteter som marknadsf\u00f6ring, retargeting och kommunikation.<\/p>\n<p>\u2022 Social webb information (Facebook, Twitter, Linkedin och Google Plus) f\u00f6r att ge en b\u00e4ttre och l\u00e4ttare upplevelse p\u00e5 webbplatsen. Dessa sociala webbplatser kan endast anv\u00e4ndas f\u00f6r att registrera v\u00e5r webbplats.<\/p>\n<p>\u2022 Placerings information som IP-adress och aktuell adress f\u00f6r att ange egenskaper och visa n\u00e4rmaste kontor enligt platsen.<br \/>\nVi skulle vilja se dig som medlem av v\u00e5r hemsida n\u00e4r du k\u00f6per en fastighet hos v\u00e5rt f\u00f6retag. Vi sparar ditt namn, efternamn, telefon, e-post som du ger oss med egen vilja. Endast auktoriserad personal (administration och fastighetsm\u00e4klare till f\u00f6rs\u00e4ljningsfas) (Revisor efter f\u00f6rs\u00e4ljningsfasen) f\u00e5r se dina uppgifter. Vi anv\u00e4nder aldrig dina personuppgifter utom att s\u00e4lja en egendom och dela aldrig med ett tredje partfirman.<\/p>\n<p>N\u00e4r du ringer v\u00e5rt f\u00f6retag eller agenter telefon accepterar du att vi kan ringa tillbaka dig och kan skicka dig mobila meddelanden (som SMS, Whatsapp, Viber, osv). Om du skickar ett mail till v\u00e5r publicerade e-post adress eller fyller i webbformul\u00e4ret antar vi att du accepterar att vi kan ringa dig och skicka information och nyhets brev om dina fr\u00e5gor.<\/p>\n<p>Vi Respekterar Anv\u00e4ndarnas Privatliv<br \/>\nVi uppm\u00e4rksammar privatlivet i riktning mot v\u00e5ra f\u00f6retags v\u00e4rderingar. Vi anv\u00e4nder endast en tredje parts cookies f\u00f6r att visa kunderna vad de letar efter. E-post, telefon, detaljerad identitetsinformation erh\u00e5llen under kontraktet, titel handling efter att ha k\u00f6pt hem, skattnummer, prenumerationshandlingar kan endast ses av auktoriserad personal. Din information \u00e4r inte synlig f\u00f6r den som inte \u00e4r auktoriserad av f\u00f6retaget. Vi anv\u00e4nder endast dessa data och dokumentation f\u00f6r att tj\u00e4na dig och syftet med att s\u00e4lja ett hus. Vi kan ringa, e-post, nyhets brev relaterade till egenskaper du \u00e4r intresserad av. Vi lovar att vi inte kommer att st\u00f6ra dig l\u00e4ngre om du inte vill.<\/p>\n<p>L\u00e4s v\u00e5r Integritets Policy f\u00f6r detaljerad information om hur vi samlar in, anv\u00e4nd din personliga information och skydda din integritet.<\/p>\n<p>Respektera V\u00e5ra Immateriella R\u00e4ttigheter<br \/>\nAlla sidor som skrivs p\u00e5 v\u00e5r hemsida \u00e4r v\u00e5r egen produktion. Vi skapar allt inneh\u00e5ll p\u00e5 ett unikt s\u00e4tt. Vi antar att du respekterar v\u00e5ra immateriella r\u00e4ttigheter. Kopiera inte n\u00e5got inneh\u00e5ll fr\u00e5n v\u00e5r webbplats. Du kan anv\u00e4nda v\u00e5rt informations inneh\u00e5ll genom att ange en l\u00e4nk till v\u00e5r webbplats eller genom att ange k\u00e4llan till information som &laquo;Celia Homes&raquo;.Vi respekterar Digital Millennium Copyright Act och vi f\u00f6rsvarar v\u00e5r unika med DMCA.<\/p>\n<p>Varum\u00e4rkes Politik<br \/>\nCelia Homes \u00e4r v\u00e5rt registrerat varum\u00e4rke av ZEL\u0130HA \u00c7\u0130NK\u0130TA\u015e CEL\u0130A HOMES EMLAK. Ingen inom fastighets branschen kan anv\u00e4nda v\u00e5r logotyp och varum\u00e4rke.<\/p>\n<p>Celia Homes \u00e4r v\u00e5rt registrerat varum\u00e4rke av Celia Homes Emlak Anonim \u015eirketi<br \/>\nFeedback Fr\u00e5n Kunder<br \/>\nVi v\u00e4lkomnar n\u00e5gra f\u00f6rslag som du g\u00f6r om hur vi kan f\u00f6rb\u00e4ttra v\u00e5r tj\u00e4nst. Om du har n\u00e5gra fr\u00e5gor, \u00e5terkoppling eller klagom\u00e5l p\u00e5 dessa villkor eller relaterade till Celia Homes, anv\u00e4nd kontakt uppgifterna nedan.<\/p>\n<p>Celia Homes juridiska meddelande adress;<\/p>\n<p>Juridiska meddelande adress: Mahmutlar Mah. Nam\u0131k Kemal Cad. Yaman Apt No: 8\/A 07450 Alanya, Turkey<br \/>\nTelefon: +90 531 202 20 72<br \/>\nE-post: info@celiahomes.com<\/p>","protected":false},"excerpt":{"rendered":"<p>Villkor f\u00f6r Anv\u00e4ndning &amp; Betingelser Termer f\u00f6r Webbplatsen Anv\u00e4ndning L\u00e4s villkoren f\u00f6r anv\u00e4ndning av webbplatsen noggrant innan du navigerar i celiahomes.com\/se som \u00e4gs av ZEL\u0130HA \u00c7\u0130NK\u0130TA\u015e CEL\u0130A HOMES EMLAK. Forts\u00e4tt att anv\u00e4nda v\u00e5r webbplats indikerar; att du accepterar v\u00e5ra anv\u00e4ndarvillkor. Om du forts\u00e4tter att navigera mellan webbplatserna och genom att fylla i webbformul\u00e4ret antar vi [&hellip;]<\/p>\n","protected":false},"author":1,"featured_media":0,"parent":0,"menu_order":0,"comment_status":"closed","ping_status":"closed","template":"template\/template-page.php","meta":[],"_links":{"self":[{"href":"https:\/\/www.celiahomes.com\/no\/wp-json\/wp\/v2\/pages\/745"}],"collection":[{"href":"https:\/\/www.celiahomes.com\/no\/wp-json\/wp\/v2\/pages"}],"about":[{"href":"https:\/\/www.celiahomes.com\/no\/wp-json\/wp\/v2\/types\/page"}],"author":[{"embeddable":true,"href":"https:\/\/www.celiahomes.com\/no\/wp-json\/wp\/v2\/users\/1"}],"replies":[{"embeddable":true,"href":"https:\/\/www.celiahomes.com\/no\/wp-json\/wp\/v2\/comments?post=745"}],"version-history":[{"count":4,"href":"https:\/\/www.celiahomes.com\/no\/wp-json\/wp\/v2\/pages\/745\/revisions"}],"predecessor-version":[{"id":27860,"href":"https:\/\/www.celiahomes.com\/no\/wp-json\/wp\/v2\/pages\/745\/revisions\/27860"}],"wp:attachment":[{"href":"https:\/\/www.celiahomes.com\/no\/wp-json\/wp\/v2\/media?parent=745"}],"curies":[{"name":"wp","href":"https:\/\/api.w.org\/{rel}","templated":true}]}}