{"id":2713,"date":"2016-10-13T18:29:21","date_gmt":"2016-10-13T18:29:21","guid":{"rendered":"https:\/\/default.houzez.co\/?page_id=2713"},"modified":"2022-04-22T21:12:20","modified_gmt":"2022-04-22T18:12:20","slug":"furniture-interior","status":"publish","type":"page","link":"https:\/\/www.celiahomes.com\/no\/our-services\/furniture-interior\/","title":{"rendered":"M\u00f8bler og interi\u00f8r"},"content":{"rendered":"<p>[vc_row][vc_column width=&raquo;1\/3&#8243;][vc_single_image image=&raquo;17269&#8243; img_size=&raquo;medium&raquo; onclick=&raquo;link_image&raquo;][\/vc_column][vc_column width=&raquo;2\/3&#8243;][vc_column_text]Celia Homes hj\u00e4lper till vid k\u00f6p av m\u00f6bler och heminredning. V\u00e5rt after sale team kommer utan extra kostnad ta er till utvalda butiker som erbjuder bra kvalitet och service.[\/vc_column_text][\/vc_column][\/vc_row][vc_row][vc_column][vc_column_text]Vi kommer ge er r\u00e5d och tips om olika erbjudanden och se till att ni f\u00e5r \u201dvaluta f\u00f6r pengarna\u201d. Vi kommer ocks\u00e5 s\u00e4kra att ni f\u00e5r upp till 30 rabatt hos v\u00e5ra leverant\u00f6rer. Sist men inte minst ska vi se till att varje sak ni k\u00f6per levereras till er l\u00e4genhet i Turkiet s\u00e4kert och utan problem vid er fr\u00e5nvaro.<\/p>\n<p><strong>Spara tid:<\/strong><\/p>\n<p>Ist\u00e4llet f\u00f6r att spendera timmar och dagar i m\u00f6belaff\u00e4rer s\u00e5 kan ni med hj\u00e4lp av v\u00e5rt team spara mycket tid. Genom att l\u00e5ta oss guida dig till v\u00e5ra utvalda leverant\u00f6rer som \u00e4r fullt medvetna om behoven hos Celia Homes kunder sparar ni mycket tid.[\/vc_column_text][\/vc_column][\/vc_row][vc_row][vc_column width=&raquo;1\/2&#8243;][vc_video link=&raquo;https:\/\/www.youtube.com\/watch?v=v9FVqy_QbP8&#8243;][\/vc_column][vc_column width=&raquo;1\/2&#8243;][vc_video link=&raquo;https:\/\/www.youtube.com\/watch?v=pW8WBKn5J2o&raquo;][\/vc_column][\/vc_row][vc_row][vc_column width=&raquo;1\/2&#8243;][vc_video link=&raquo;https:\/\/www.youtube.com\/watch?v=O-yFJerzQcg&raquo;][\/vc_column][vc_column width=&raquo;1\/2&#8243;][vc_video link=&raquo;https:\/\/www.youtube.com\/watch?v=lPEMkKoG6-A&raquo;][\/vc_column][\/vc_row][vc_row][vc_column width=&raquo;1\/2&#8243;][vc_video link=&raquo;https:\/\/www.youtube.com\/watch?v=1g_AX3eLDRw&raquo;][\/vc_column][vc_column width=&raquo;1\/2&#8243;][\/vc_column][\/vc_row]<\/p>","protected":false},"excerpt":{"rendered":"<p>[vc_row][vc_column width=&raquo;1\/3&#8243;][vc_single_image image=&raquo;17269&#8243; img_size=&raquo;medium&raquo; onclick=&raquo;link_image&raquo;][\/vc_column][vc_column width=&raquo;2\/3&#8243;][vc_column_text]Celia Homes hj\u00e4lper till vid k\u00f6p av m\u00f6bler och heminredning. V\u00e5rt after sale team kommer utan extra kostnad ta er till utvalda butiker som erbjuder bra kvalitet och service.[\/vc_column_text][\/vc_column][\/vc_row][vc_row][vc_column][vc_column_text]Vi kommer ge er r\u00e5d och tips om olika erbjudanden och se till att ni f\u00e5r \u201dvaluta f\u00f6r pengarna\u201d. Vi kommer ocks\u00e5 [&hellip;]<\/p>\n","protected":false},"author":1,"featured_media":0,"parent":15835,"menu_order":0,"comment_status":"closed","ping_status":"closed","template":"template\/template-celia-page.php","meta":[],"_links":{"self":[{"href":"https:\/\/www.celiahomes.com\/no\/wp-json\/wp\/v2\/pages\/2713"}],"collection":[{"href":"https:\/\/www.celiahomes.com\/no\/wp-json\/wp\/v2\/pages"}],"about":[{"href":"https:\/\/www.celiahomes.com\/no\/wp-json\/wp\/v2\/types\/page"}],"author":[{"embeddable":true,"href":"https:\/\/www.celiahomes.com\/no\/wp-json\/wp\/v2\/users\/1"}],"replies":[{"embeddable":true,"href":"https:\/\/www.celiahomes.com\/no\/wp-json\/wp\/v2\/comments?post=2713"}],"version-history":[{"count":4,"href":"https:\/\/www.celiahomes.com\/no\/wp-json\/wp\/v2\/pages\/2713\/revisions"}],"predecessor-version":[{"id":30673,"href":"https:\/\/www.celiahomes.com\/no\/wp-json\/wp\/v2\/pages\/2713\/revisions\/30673"}],"up":[{"embeddable":true,"href":"https:\/\/www.celiahomes.com\/no\/wp-json\/wp\/v2\/pages\/15835"}],"wp:attachment":[{"href":"https:\/\/www.celiahomes.com\/no\/wp-json\/wp\/v2\/media?parent=2713"}],"curies":[{"name":"wp","href":"https:\/\/api.w.org\/{rel}","templated":true}]}}