{"id":17751,"date":"2021-07-22T09:35:52","date_gmt":"2021-07-22T09:35:52","guid":{"rendered":"https:\/\/www.celiahomes.com\/?page_id=17751"},"modified":"2026-04-06T11:06:26","modified_gmt":"2026-04-06T08:06:26","slug":"after-sale-service","status":"publish","type":"page","link":"https:\/\/www.celiahomes.com\/no\/our-services\/after-sale-service\/","title":{"rendered":"Ettersalgs service"},"content":{"rendered":"<p>P\u00e5 Celia Homes Luxury Real Estate &amp; Co. anser vi att kundservice \u00e4r inte bara en del av v\u00e5r verksamhet utan service \u00e4r v\u00e5rt jobb.<\/p>\n<p><!--more--><\/p>\n<p>Vi tillf\u00f6r v\u00e5r verksamhet service b\u00e5de under k\u00f6p processen och efter att du k\u00f6pt av oss, vi tar alltid hand om v\u00e5ra kunder p\u00e5 b\u00e4sta m\u00f6jliga s\u00e4tt.<\/p>\n<p>Vi erbjuder snabb, personlig och p\u00e5litlig service till konkurrenskraftiga avgifter. Din bel\u00e5tenhet \u00e4r v\u00e5ran f\u00f6rsta prioritet! Vi har en val dokumenterad historia ang. kundservice och kundtillfredsst\u00e4llelse. Nyckeln till v\u00e5r framg\u00e5ng \u00e4r flexibilitet, m\u00e5ngfald, utbildning, erfarenhet och lojalitet mot v\u00e5ra kunder.<\/p>","protected":false},"excerpt":{"rendered":"<p>Beklager, denne oppf\u00f8ringen er bare tilgjengelig i Amerikansk Engelsk.<\/p>\n","protected":false},"author":1,"featured_media":55653,"parent":15835,"menu_order":0,"comment_status":"closed","ping_status":"closed","template":"template\/template-celia-page.php","meta":[],"_links":{"self":[{"href":"https:\/\/www.celiahomes.com\/no\/wp-json\/wp\/v2\/pages\/17751"}],"collection":[{"href":"https:\/\/www.celiahomes.com\/no\/wp-json\/wp\/v2\/pages"}],"about":[{"href":"https:\/\/www.celiahomes.com\/no\/wp-json\/wp\/v2\/types\/page"}],"author":[{"embeddable":true,"href":"https:\/\/www.celiahomes.com\/no\/wp-json\/wp\/v2\/users\/1"}],"replies":[{"embeddable":true,"href":"https:\/\/www.celiahomes.com\/no\/wp-json\/wp\/v2\/comments?post=17751"}],"version-history":[{"count":3,"href":"https:\/\/www.celiahomes.com\/no\/wp-json\/wp\/v2\/pages\/17751\/revisions"}],"predecessor-version":[{"id":17755,"href":"https:\/\/www.celiahomes.com\/no\/wp-json\/wp\/v2\/pages\/17751\/revisions\/17755"}],"up":[{"embeddable":true,"href":"https:\/\/www.celiahomes.com\/no\/wp-json\/wp\/v2\/pages\/15835"}],"wp:featuredmedia":[{"embeddable":true,"href":"https:\/\/www.celiahomes.com\/no\/wp-json\/wp\/v2\/media\/55653"}],"wp:attachment":[{"href":"https:\/\/www.celiahomes.com\/no\/wp-json\/wp\/v2\/media?parent=17751"}],"curies":[{"name":"wp","href":"https:\/\/api.w.org\/{rel}","templated":true}]}}