{"id":17172,"date":"2020-03-03T06:39:01","date_gmt":"2020-03-03T06:39:01","guid":{"rendered":"https:\/\/demo03.houzez.co\/?page_id=17172"},"modified":"2021-07-22T16:07:51","modified_gmt":"2021-07-22T16:07:51","slug":"home-cleaning","status":"publish","type":"page","link":"https:\/\/www.celiahomes.com\/no\/our-services\/home-cleaning\/","title":{"rendered":"Rengj\u00f8ring"},"content":{"rendered":"<p>Vi p\u00e5 Celia Homes har ett noggrant och p\u00e5litligt team som best\u00e5r av professionella och lokala arbetare som kommer att ta hand om ert hem och se till att allt \u00e4r st\u00e4dat och tv\u00e4ttat.<\/p>\n<p>Vi \u00e4r stolta \u00f6ver att kunna erbjuda tj\u00e4nster av h\u00f6g kvalit\u00e9 som \u00e4r anpassade efter varje enskild kund.<!--more--><\/p>\n<p>St\u00e4dning ing\u00e5r f\u00f6ljande tj\u00e4nster:<\/p>\n<ul>\n<li>Tv\u00e4tta balkonger och\/eller terrasser<\/li>\n<li>Tv\u00e4tta r\u00e4cken och reng\u00f6ring av f\u00f6nsterbr\u00e4dor<\/li>\n<li>Skura golv i huset\/l\u00e4genheten<\/li>\n<li>Dammsuga mattor\/golv<\/li>\n<li>Noggrann reng\u00f6ring av v\u00e5tutrymmen i huset\/l\u00e4genheten (k\u00f6k, toalett, badrum etc.)<\/li>\n<li>Reng\u00f6ring, damning och polering av alla ytor<\/li>\n<li>Dammtorkning och reng\u00f6ring av m\u00f6bler<\/li>\n<li>Reng\u00f6ring av f\u00f6nster, ramar etc.<\/li>\n<li>Generell st\u00e4dning av hela huset\/l\u00e4genheten<\/li>\n<\/ul>\n<p>Med v\u00e5r st\u00e4dtj\u00e4nst kan du vara s\u00e4ker att din fastighet i Turkiet \u00e4r ren inf\u00f6r ditt n\u00e4sta bes\u00f6k i Turkiet.<\/p>","protected":false},"excerpt":{"rendered":"<p>Beklager, denne oppf\u00f8ringen er bare tilgjengelig i Amerikansk Engelsk.<\/p>\n","protected":false},"author":1,"featured_media":17760,"parent":15835,"menu_order":0,"comment_status":"closed","ping_status":"closed","template":"template\/template-celia-page.php","meta":[],"_links":{"self":[{"href":"https:\/\/www.celiahomes.com\/no\/wp-json\/wp\/v2\/pages\/17172"}],"collection":[{"href":"https:\/\/www.celiahomes.com\/no\/wp-json\/wp\/v2\/pages"}],"about":[{"href":"https:\/\/www.celiahomes.com\/no\/wp-json\/wp\/v2\/types\/page"}],"author":[{"embeddable":true,"href":"https:\/\/www.celiahomes.com\/no\/wp-json\/wp\/v2\/users\/1"}],"replies":[{"embeddable":true,"href":"https:\/\/www.celiahomes.com\/no\/wp-json\/wp\/v2\/comments?post=17172"}],"version-history":[{"count":4,"href":"https:\/\/www.celiahomes.com\/no\/wp-json\/wp\/v2\/pages\/17172\/revisions"}],"predecessor-version":[{"id":17896,"href":"https:\/\/www.celiahomes.com\/no\/wp-json\/wp\/v2\/pages\/17172\/revisions\/17896"}],"up":[{"embeddable":true,"href":"https:\/\/www.celiahomes.com\/no\/wp-json\/wp\/v2\/pages\/15835"}],"wp:featuredmedia":[{"embeddable":true,"href":"https:\/\/www.celiahomes.com\/no\/wp-json\/wp\/v2\/media\/17760"}],"wp:attachment":[{"href":"https:\/\/www.celiahomes.com\/no\/wp-json\/wp\/v2\/media?parent=17172"}],"curies":[{"name":"wp","href":"https:\/\/api.w.org\/{rel}","templated":true}]}}