{"id":58,"date":"2020-02-18T11:55:58","date_gmt":"2020-02-18T11:55:58","guid":{"rendered":"https:\/\/demo03.houzez.co\/?page_id=58"},"modified":"2021-07-22T10:23:42","modified_gmt":"2021-07-22T10:23:42","slug":"airport-transfer","status":"publish","type":"page","link":"https:\/\/www.celiahomes.com\/de\/our-services\/airport-transfer\/","title":{"rendered":"Flughafen Transfer"},"content":{"rendered":"<p>Sie k\u00f6nnen nach Antalya Flughafen (AYT) oder Alanya-Gazipasa Flughafen (GZP) Fliegen, um Ihre region der Wahl wie Alanya, Side, Belek oder Antalya zu erreichen.<!--more--><\/p>\n<p>Celia Homes k\u00f6nnen transfers f\u00fcr Sie und alle G\u00e4ste bei der Ankunft am Flughafen arrangieren, um Sie zu jeder Tages-oder Nachtzeit sicher zu Ihrem gew\u00e4hlten Ziel zu bringen.<\/p>\n<p>Wir verwenden eine lizenzierte Transportfirma, die f\u00fcr alle \u00f6ffentlichen transfers registriert ist. Alles, was Sie tun m\u00fcssen, ist uns ein paar Tage vor Ihrer Ankunft oder Abreise zu Benachrichtigen und uns Ihre Flugdaten.<\/p>\n<h3>Bitte geben Sie uns bei der Buchung eines Transfers folgende Angaben an:<\/h3>\n<ul>\n<li>Ansprechpartner (Einer der Namen des Passagiers)<\/li>\n<li>Anzahl der Passagiere (bitte angeben, ob kleine Kinder Sie begleiten, damit wir Autositze arrangieren k\u00f6nnen)<\/li>\n<li>Handynummer, die wir bei Bedarf erreichen k\u00f6nnen<\/li>\n<li>Flugnummer(N)<\/li>\n<li>Ankunft \/ Abreisedatum<\/li>\n<li>Ankunft\/Abflugzeit<\/li>\n<\/ul>\n<p>Transfers von Celia Homes sind private transfers (und shuttle) und werden von einer zertifizierten Transfergesellschaft mit voll versicherten modernen Autos\/Minibussen Gefahren, um Sie zu Ihrer Immobilie in der T\u00fcrkei zu fahren.<\/p>","protected":false},"excerpt":{"rendered":"<p>Leider ist der Eintrag nur auf Amerikanisches Englisch verf\u00fcgbar.<\/p>\n","protected":false},"author":1,"featured_media":17756,"parent":15835,"menu_order":0,"comment_status":"closed","ping_status":"closed","template":"template\/template-celia-page.php","meta":[],"_links":{"self":[{"href":"https:\/\/www.celiahomes.com\/de\/wp-json\/wp\/v2\/pages\/58"}],"collection":[{"href":"https:\/\/www.celiahomes.com\/de\/wp-json\/wp\/v2\/pages"}],"about":[{"href":"https:\/\/www.celiahomes.com\/de\/wp-json\/wp\/v2\/types\/page"}],"author":[{"embeddable":true,"href":"https:\/\/www.celiahomes.com\/de\/wp-json\/wp\/v2\/users\/1"}],"replies":[{"embeddable":true,"href":"https:\/\/www.celiahomes.com\/de\/wp-json\/wp\/v2\/comments?post=58"}],"version-history":[{"count":3,"href":"https:\/\/www.celiahomes.com\/de\/wp-json\/wp\/v2\/pages\/58\/revisions"}],"predecessor-version":[{"id":17759,"href":"https:\/\/www.celiahomes.com\/de\/wp-json\/wp\/v2\/pages\/58\/revisions\/17759"}],"up":[{"embeddable":true,"href":"https:\/\/www.celiahomes.com\/de\/wp-json\/wp\/v2\/pages\/15835"}],"wp:featuredmedia":[{"embeddable":true,"href":"https:\/\/www.celiahomes.com\/de\/wp-json\/wp\/v2\/media\/17756"}],"wp:attachment":[{"href":"https:\/\/www.celiahomes.com\/de\/wp-json\/wp\/v2\/media?parent=58"}],"curies":[{"name":"wp","href":"https:\/\/api.w.org\/{rel}","templated":true}]}}