{"id":17751,"date":"2021-07-22T09:35:52","date_gmt":"2021-07-22T09:35:52","guid":{"rendered":"https:\/\/www.celiahomes.com\/?page_id=17751"},"modified":"2021-07-22T09:41:51","modified_gmt":"2021-07-22T09:41:51","slug":"after-sale-service","status":"publish","type":"page","link":"https:\/\/www.celiahomes.com\/de\/our-services\/after-sale-service\/","title":{"rendered":"Objekt Verwaltung"},"content":{"rendered":"<p>W\u00fcnschen Sie die professionelle Verwaltung Ihres Objektes durch uns?<br \/>\nWir kontrollieren Ihre Immobilie in regelm\u00e4\u00dfigen Abst\u00e4nden und informieren Sie umgehend, wenn etwas entschieden werden muss und regeln es unmittelbar.<\/p>\n<p><!--more--><\/p>\n<p>Bei der Vermittlung von Servicekr\u00e4ften (Reinigungskraft, G\u00e4rtner, Poolservice etc.) sind wir Ihnen ebenfalls gerne behilflich.<\/p>\n<p>Eine professionelle Verwaltung Ihrer Immobilie ist genauso wichtig wie der Verkauf der richtigen Immobilie in der T\u00fcrkei.<\/p>\n<p>Eine professionelle Verwaltung f\u00fcr eine T\u00fcrkei Immobilie ist sehr wichtig f\u00fcr Diejenigen, die planen, sich eine Wohnung oder Villa in der T\u00fcrkei zu kaufen.<\/p>\n<p>Wir bieten unseren Kunden eine umfangreiche Verwaltung und sorgen daf\u00fcr, dass f\u00fcr Ihre Anreise alles bereit ist, Sie sich bei Ihrem Aufenthalt in Ihrer Immobilie in Alanya entspannen k\u00f6nnen und sich w\u00e4hrend Ihrer Abwesenheit keinerlei Gedanken um Ihre Immobilie in der T\u00fcrkei machen m\u00fcssen.<\/p>\n<p>Unser Verwaltungsservice umfasst weiterhin eine regelm\u00e4\u00dfige Kontrolle und Wartung Ihrer T\u00fcrkei Immobilie.<\/p>\n<p>Um einen Schaden in Ihrer Immobilie zu vermeiden ist eine regelm\u00e4\u00dfige Kontrolle sehr wichtig, denn z.B. im Falle eines Wasserschadens k\u00f6nnen sich schnell erhebliche und bleibende Sch\u00e4den und unangenehme Ger\u00fcche in der Immobilie ausbreiten.<\/p>\n<p>Vermeiden Sie Ihre kostbare Zeit, um sich w\u00e4hrend Ihres Aufenthaltes mit Verbesserungen oder Umbauarbeiten die Zeit zu vergeuden und nutzen Sie auch hier unseren Service, diese Reparaturen vor Ihrem Aufenthalt zu erledigen zu lassen.<\/p>","protected":false},"excerpt":{"rendered":"<p>Leider ist der Eintrag nur auf Amerikanisches Englisch verf\u00fcgbar.<\/p>\n","protected":false},"author":1,"featured_media":17752,"parent":15835,"menu_order":0,"comment_status":"closed","ping_status":"closed","template":"template\/template-celia-page.php","meta":[],"_links":{"self":[{"href":"https:\/\/www.celiahomes.com\/de\/wp-json\/wp\/v2\/pages\/17751"}],"collection":[{"href":"https:\/\/www.celiahomes.com\/de\/wp-json\/wp\/v2\/pages"}],"about":[{"href":"https:\/\/www.celiahomes.com\/de\/wp-json\/wp\/v2\/types\/page"}],"author":[{"embeddable":true,"href":"https:\/\/www.celiahomes.com\/de\/wp-json\/wp\/v2\/users\/1"}],"replies":[{"embeddable":true,"href":"https:\/\/www.celiahomes.com\/de\/wp-json\/wp\/v2\/comments?post=17751"}],"version-history":[{"count":3,"href":"https:\/\/www.celiahomes.com\/de\/wp-json\/wp\/v2\/pages\/17751\/revisions"}],"predecessor-version":[{"id":17755,"href":"https:\/\/www.celiahomes.com\/de\/wp-json\/wp\/v2\/pages\/17751\/revisions\/17755"}],"up":[{"embeddable":true,"href":"https:\/\/www.celiahomes.com\/de\/wp-json\/wp\/v2\/pages\/15835"}],"wp:featuredmedia":[{"embeddable":true,"href":"https:\/\/www.celiahomes.com\/de\/wp-json\/wp\/v2\/media\/17752"}],"wp:attachment":[{"href":"https:\/\/www.celiahomes.com\/de\/wp-json\/wp\/v2\/media?parent=17751"}],"curies":[{"name":"wp","href":"https:\/\/api.w.org\/{rel}","templated":true}]}}