{"id":17572,"date":"2021-07-20T07:28:53","date_gmt":"2021-07-20T07:28:53","guid":{"rendered":"https:\/\/www.celiahomes.com\/?page_id=17572"},"modified":"2022-10-14T12:07:11","modified_gmt":"2022-10-14T09:07:11","slug":"kontaktiere-uns","status":"publish","type":"page","link":"https:\/\/www.celiahomes.com\/de\/contact\/kontaktiere-uns\/","title":{"rendered":"Kontakt"},"content":{"rendered":"\t\t<div data-elementor-type=\"wp-page\" data-elementor-id=\"17572\" class=\"elementor elementor-17572\">\n\t\t\t\t\t\t\t\t\t<section class=\"elementor-section elementor-top-section elementor-element elementor-element-125aa3d elementor-section-height-min-height animated-slow elementor-section-boxed elementor-section-height-default elementor-section-items-middle elementor-invisible\" data-id=\"125aa3d\" data-element_type=\"section\" data-settings=\"{&quot;background_background&quot;:&quot;classic&quot;,&quot;animation&quot;:&quot;fadeIn&quot;}\">\n\t\t\t\t\t\t\t<div class=\"elementor-background-overlay\"><\/div>\n\t\t\t\t\t\t\t<div class=\"elementor-container elementor-column-gap-default\">\n\t\t\t\t\t<div class=\"elementor-column elementor-col-100 elementor-top-column elementor-element elementor-element-3b3a0df\" data-id=\"3b3a0df\" data-element_type=\"column\">\n\t\t\t<div class=\"elementor-widget-wrap elementor-element-populated\">\n\t\t\t\t\t\t\t\t<div class=\"elementor-element elementor-element-1bdf606 lbi-heading-title elementor-widget elementor-widget-heading\" data-id=\"1bdf606\" data-element_type=\"widget\" data-widget_type=\"heading.default\">\n\t\t\t\t<div class=\"elementor-widget-container\">\n\t\t\t<h1 class=\"elementor-heading-title elementor-size-default\">Kontaktiere uns<\/h1>\t\t<\/div>\n\t\t\t\t<\/div>\n\t\t\t\t\t<\/div>\n\t\t<\/div>\n\t\t\t\t\t\t\t<\/div>\n\t\t<\/section>\n\t\t\t\t<section class=\"elementor-section elementor-top-section elementor-element elementor-element-5ec2734 elementor-section-boxed elementor-section-height-default elementor-section-height-default\" data-id=\"5ec2734\" data-element_type=\"section\">\n\t\t\t\t\t\t<div class=\"elementor-container elementor-column-gap-default\">\n\t\t\t\t\t<div class=\"elementor-column elementor-col-100 elementor-top-column elementor-element elementor-element-e1bd41f\" data-id=\"e1bd41f\" data-element_type=\"column\">\n\t\t\t<div class=\"elementor-widget-wrap elementor-element-populated\">\n\t\t\t\t\t\t\t\t<div class=\"elementor-element elementor-element-49cbafe elementor-widget elementor-widget-houzez_elementor_space\" data-id=\"49cbafe\" data-element_type=\"widget\" data-widget_type=\"houzez_elementor_space.default\">\n\t\t\t\t<div class=\"elementor-widget-container\">\n\t\t\t        <div class=\"houzez-spacer\">\n            <div class=\"houzez-spacer-inner\"><\/div>\n        <\/div>\n        \t\t<\/div>\n\t\t\t\t<\/div>\n\t\t\t\t<div class=\"elementor-element elementor-element-adec92f lbi-unset-text-transform elementor-widget elementor-widget-heading\" data-id=\"adec92f\" data-element_type=\"widget\" data-widget_type=\"heading.default\">\n\t\t\t\t<div class=\"elementor-widget-container\">\n\t\t\t<div class=\"elementor-heading-title elementor-size-default\">Verwenden Sie die folgenden Informationen zur Verf\u00fcgung gestellt zu uns oder lassen Sie uns eine Nachricht \u00fcber das Kontaktformular.<\/div>\t\t<\/div>\n\t\t\t\t<\/div>\n\t\t\t\t\t<\/div>\n\t\t<\/div>\n\t\t\t\t\t\t\t<\/div>\n\t\t<\/section>\n\t\t\t\t<section class=\"elementor-section elementor-top-section elementor-element elementor-element-d0b02e7 elementor-section-content-top animated-slow elementor-section-boxed elementor-section-height-default elementor-section-height-default elementor-invisible\" data-id=\"d0b02e7\" data-element_type=\"section\" data-settings=\"{&quot;animation&quot;:&quot;fadeIn&quot;}\">\n\t\t\t\t\t\t<div class=\"elementor-container elementor-column-gap-default\">\n\t\t\t\t\t<div class=\"elementor-column elementor-col-50 elementor-top-column elementor-element elementor-element-3139327\" data-id=\"3139327\" data-element_type=\"column\" data-settings=\"{&quot;background_background&quot;:&quot;classic&quot;}\">\n\t\t\t<div class=\"elementor-widget-wrap elementor-element-populated\">\n\t\t\t\t\t\t\t\t<div class=\"elementor-element elementor-element-8ff1404 elementor-widget elementor-widget-text-editor\" data-id=\"8ff1404\" data-element_type=\"widget\" data-widget_type=\"text-editor.default\">\n\t\t\t\t<div class=\"elementor-widget-container\">\n\t\t\t\t\t\t\t<p>Ihr Feedback und Ihre Ideen sind immer f\u00fcr uns sehr wichtig.<br \/>Sie k\u00f6nnen uns jederzeit kontaktieren, indem die folgenden Kontaktinformationen oder mit dem Formular.<\/p>\t\t\t\t\t\t<\/div>\n\t\t\t\t<\/div>\n\t\t\t\t<div class=\"elementor-element elementor-element-f4a5b85 elementor-button-align-start elementor-widget elementor-widget-houzez_elementor_contact_form\" data-id=\"f4a5b85\" data-element_type=\"widget\" data-widget_type=\"houzez_elementor_contact_form.default\">\n\t\t\t\t<div class=\"elementor-widget-container\">\n\t\t\t\n        <script type=\"application\/javascript\">\n            jQuery(document).bind(\"ready\", function () {\n                houzezValidateElementor(\"#houzez-form-f4a5b85\" );\n            });\n        <\/script>\n\n        <form class=\"elementor-form\" id=\"houzez-form-f4a5b85\" method=\"post\" name=\"contact-de\" action=\"https:\/\/www.celiahomes.com\/wp-admin\/admin-ajax.php\">\n            <input type=\"hidden\" name=\"form_id\" value=\"f4a5b85\"\/>\n            <input type=\"hidden\" name=\"houzez_contact_form\" value=\"yes\"\/>\n            <input type=\"hidden\" name=\"action\" value=\"houzez_ele_contact_form\" \/>\n            <input type=\"hidden\" name=\"source_link\" value=\"https:\/\/www.celiahomes.com\/de\/contact\/kontaktiere-uns\/\" \/>\n            <input type=\"hidden\" name=\"lead_page_id\" value=\"17572\" \/>\n            <input type=\"hidden\" name=\"email_to\" value=\"info@celiahomes.com\" \/>\n            <input type=\"hidden\" name=\"email_subject\" value=\"Web Contact Form (DE)\" \/>\n            <input type=\"hidden\" name=\"email_to_cc\" value=\"\" \/>\n            <input type=\"hidden\" name=\"email_to_bcc\" value=\"\" \/>\n            <input type=\"hidden\" name=\"webhook\" value=\"\" \/>\n            <input type=\"hidden\" name=\"webhook_url\" value=\"\" \/>\n            <input type=\"hidden\" name=\"redirect_to\" value=\"\" \/>\n            \n\n            <div class=\"elementor-form-fields-wrapper elementor-labels-above\">\n\n                                    <div class=\"elementor-field-group elementor-column form-group elementor-field-group-name elementor-col-50 elementor-field-required elementor-mark-required\">\n                    <label for=\"form-field-name\" class=\"elementor-field-label\">Vorname<\/label><input type=\"text\" name=\"first_name\" id=\"form-field-name\" class=\"elementor-field form-control elementor-size-sm elementor-field-textual\" placeholder=\"Ihren Namen\" title=\"* Vorname\" required=\"required\">                    <\/div>\n\n                                        <div class=\"elementor-field-group elementor-column form-group elementor-field-group-bf18955 elementor-col-50 elementor-field-required elementor-mark-required\">\n                    <label for=\"form-field-bf18955\" class=\"elementor-field-label\">Nachname<\/label><input type=\"text\" name=\"last_name\" id=\"form-field-bf18955\" class=\"elementor-field form-control elementor-size-sm elementor-field-textual\" placeholder=\"Ihr Nachname\" title=\"* Nachname\" required=\"required\">                    <\/div>\n\n                                        <div class=\"elementor-field-group elementor-column form-group elementor-field-group-email elementor-col-100 elementor-field-required elementor-mark-required\">\n                    <label for=\"form-field-email\" class=\"elementor-field-label\">Email<\/label><input type=\"email\" name=\"email\" id=\"form-field-email\" class=\"elementor-field form-control elementor-size-sm elementor-field-textual\" placeholder=\"E-Mail-Addresse\" title=\"* Email\" required=\"required\">                    <\/div>\n\n                                        <div class=\"elementor-field-group elementor-column form-group elementor-field-group-92b9319 elementor-col-50\">\n                    <label for=\"form-field-92b9319\" class=\"elementor-field-label\">Mobiltelefon<\/label><input type=\"text\" name=\"mobile\" id=\"form-field-92b9319\" class=\"elementor-field form-control elementor-size-sm elementor-field-textual\" placeholder=\"Handynummer\" title=\"* Mobiltelefon\">                    <\/div>\n\n                                        <div class=\"elementor-field-group elementor-column form-group elementor-field-group-4f89268 elementor-col-50\">\n                    <label for=\"form-field-4f89268\" class=\"elementor-field-label\">Festnetz<\/label><input type=\"text\" name=\"home_phone\" id=\"form-field-4f89268\" class=\"elementor-field form-control elementor-size-sm elementor-field-textual\" placeholder=\"Telefonnummer\" title=\"* Festnetz\">                    <\/div>\n\n                                        <div class=\"elementor-field-group elementor-column form-group elementor-field-group-message elementor-col-100 elementor-field-required elementor-mark-required\">\n                    <label for=\"form-field-message\" class=\"elementor-field-label\">Nachricht<\/label><textarea class=\"elementor-field-textual elementor-field elementor-size-sm\" name=\"message\" id=\"form-field-message\" rows=\"4\" placeholder=\"Ihre Nachricht\" required=\"required\" title=\"* Nachricht\"><\/textarea>                    <\/div>\n\n                    \n                    \n                    \n                    <div class=\"elementor-field-group elementor-column elementor-field-type-submit elementor-col-100\">\n                    <button type=\"submit\" class=\"btn houzez-submit-button houzez-contact-form-js elementor-button elementor-size-xs\">\n                        <i class=\"btn-loader houzez-loader-js\"><\/i>\n                                                    Senden                                            <\/button>\n                <\/div>\n            <\/div><!-- End wrapper-->\n            <br\/>\n            <div class=\"ele-form-messages\"><\/div>\n            <div class=\"error-container\"><\/div>\n\n        <\/form>\n\n    \t\t<\/div>\n\t\t\t\t<\/div>\n\t\t\t\t\t<\/div>\n\t\t<\/div>\n\t\t\t\t<div class=\"elementor-column elementor-col-25 elementor-top-column elementor-element elementor-element-bd2c54b\" data-id=\"bd2c54b\" data-element_type=\"column\">\n\t\t\t<div class=\"elementor-widget-wrap\">\n\t\t\t\t\t\t\t\t\t<\/div>\n\t\t<\/div>\n\t\t\t\t<div class=\"elementor-column elementor-col-25 elementor-top-column elementor-element elementor-element-66ddd7d\" data-id=\"66ddd7d\" data-element_type=\"column\">\n\t\t\t<div class=\"elementor-widget-wrap elementor-element-populated\">\n\t\t\t\t\t\t\t\t<div class=\"elementor-element elementor-element-23057bd elementor-widget elementor-widget-text-editor\" data-id=\"23057bd\" data-element_type=\"widget\" data-widget_type=\"text-editor.default\">\n\t\t\t\t<div class=\"elementor-widget-container\">\n\t\t\t\t\t\t\t<p><strong>CELIA HOMES Luxury Estate<br \/>Investitionen &amp; Bau<br \/><\/strong><\/p><p>G\u00fcller P\u0131nar\u0131 Mahallesi, \u0130mamday\u0131 Sk. No:5<br \/>07400 Alanya &#8211; T\u00dcRKEI<\/p>\t\t\t\t\t\t<\/div>\n\t\t\t\t<\/div>\n\t\t\t\t<div class=\"elementor-element elementor-element-1bae51a elementor-widget elementor-widget-wp-widget-houzez_contact\" data-id=\"1bae51a\" data-element_type=\"widget\" data-widget_type=\"wp-widget-houzez_contact.default\">\n\t\t\t\t<div class=\"elementor-widget-container\">\n\t\t\t\n\t\t\t<div class=\"widget-body\">\n\t\t\t\t<div class=\"widget-content\">\n\t\t\t\t\t<p><\/p>\n\t\t\t\t\t<ul class=\"list-unstyled contact-list\">\n\t\t\t\t\t\t\n\t                    \t                    <li><i class=\"houzez-icon icon-phone mr-1\"><\/i> <a href=\"tel:+46737301552\">(SV) +46 73 730 15 52<\/a><\/li>\n\t                    \n\t                    \t                    <li><i class=\"houzez-icon icon-phone mr-1\"><\/i> <a href=\"tel:+905312022072\">(TR) +90 531 202 20 72<\/a><\/li>\n\t                    \n\t                    \t                    <li><i class=\"houzez-icon icon-mobile-phone mr-1\"><\/i> <a href=\"tel:+46730481484\">(SV) +46 73 048 14 84<\/a><\/li>\n\t                    \n\t                    \t                    <li><i class=\"houzez-icon icon-messaging-whatsapp mr-1\"><\/i> <a href=\"https:\/\/wa.me\/+46730481484\" target=\"_blank\">(SV) +46 73 048 14 84<\/a><\/li>\n\t                    \n\t\t\t\t\t\t\n\t                    \t                    <li><i class=\"houzez-icon icon-envelope mr-1\"><\/i> <a href=\"mailto:info@celiahomes.com\">info@celiahomes.com<\/a><\/li>\n\t                    \t\t\t\t\t<\/ul>\n\t\t\t\t<\/div><!-- widget-content -->\n\n\t\t\t\t\n\t\t\t<\/div><!-- widget-body -->\n         \n\t    \t\t<\/div>\n\t\t\t\t<\/div>\n\t\t\t\t<div class=\"elementor-element elementor-element-0b2a1b4 e-grid-align-left elementor-shape-rounded elementor-grid-0 elementor-widget elementor-widget-social-icons\" data-id=\"0b2a1b4\" data-element_type=\"widget\" data-widget_type=\"social-icons.default\">\n\t\t\t\t<div class=\"elementor-widget-container\">\n\t\t\t\t\t<div class=\"elementor-social-icons-wrapper elementor-grid\">\n\t\t\t\t\t\t\t<span class=\"elementor-grid-item\">\n\t\t\t\t\t<a class=\"elementor-icon elementor-social-icon elementor-social-icon-facebook elementor-animation-shrink elementor-repeater-item-4d4e750\" href=\"https:\/\/www.facebook.com\/celiahomesalanya\" target=\"_blank\">\n\t\t\t\t\t\t<span class=\"elementor-screen-only\">Facebook<\/span>\n\t\t\t\t\t\t<i class=\"fab fa-facebook\"><\/i>\t\t\t\t\t<\/a>\n\t\t\t\t<\/span>\n\t\t\t\t\t\t\t<span class=\"elementor-grid-item\">\n\t\t\t\t\t<a class=\"elementor-icon elementor-social-icon elementor-social-icon-twitter elementor-animation-shrink elementor-repeater-item-a2d8d9c\" href=\"https:\/\/twitter.com\/celiahomess\" target=\"_blank\">\n\t\t\t\t\t\t<span class=\"elementor-screen-only\">Twitter<\/span>\n\t\t\t\t\t\t<i class=\"fab fa-twitter\"><\/i>\t\t\t\t\t<\/a>\n\t\t\t\t<\/span>\n\t\t\t\t\t\t\t<span class=\"elementor-grid-item\">\n\t\t\t\t\t<a class=\"elementor-icon elementor-social-icon elementor-social-icon-youtube elementor-animation-shrink elementor-repeater-item-4483b35\" href=\"https:\/\/www.youtube.com\/channel\/UCt2NCDksmai5NLs_qtVVbjg\" target=\"_blank\">\n\t\t\t\t\t\t<span class=\"elementor-screen-only\">Youtube<\/span>\n\t\t\t\t\t\t<i class=\"fab fa-youtube\"><\/i>\t\t\t\t\t<\/a>\n\t\t\t\t<\/span>\n\t\t\t\t\t\t\t<span class=\"elementor-grid-item\">\n\t\t\t\t\t<a class=\"elementor-icon elementor-social-icon elementor-social-icon-instagram elementor-animation-shrink elementor-repeater-item-9e48d2c\" href=\"https:\/\/www.instagram.com\/celiacinkitass\/\" target=\"_blank\">\n\t\t\t\t\t\t<span class=\"elementor-screen-only\">Instagram<\/span>\n\t\t\t\t\t\t<i class=\"fab fa-instagram\"><\/i>\t\t\t\t\t<\/a>\n\t\t\t\t<\/span>\n\t\t\t\t\t\t\t<span class=\"elementor-grid-item\">\n\t\t\t\t\t<a class=\"elementor-icon elementor-social-icon elementor-social-icon-telegram elementor-animation-shrink elementor-repeater-item-0ddec29\" href=\"https:\/\/telegram.me\/celiahomes\" target=\"_blank\">\n\t\t\t\t\t\t<span class=\"elementor-screen-only\">Telegram<\/span>\n\t\t\t\t\t\t<i class=\"fab fa-telegram\"><\/i>\t\t\t\t\t<\/a>\n\t\t\t\t<\/span>\n\t\t\t\t\t\t\t<span class=\"elementor-grid-item\">\n\t\t\t\t\t<a class=\"elementor-icon elementor-social-icon elementor-social-icon-whatsapp elementor-animation-shrink elementor-repeater-item-921fe84\" href=\"https:\/\/wa.me\/905312022072\" target=\"_blank\" rel=\"nofollow\">\n\t\t\t\t\t\t<span class=\"elementor-screen-only\">Whatsapp<\/span>\n\t\t\t\t\t\t<i class=\"fab fa-whatsapp\"><\/i>\t\t\t\t\t<\/a>\n\t\t\t\t<\/span>\n\t\t\t\t\t<\/div>\n\t\t\t\t<\/div>\n\t\t\t\t<\/div>\n\t\t\t\t\t<\/div>\n\t\t<\/div>\n\t\t\t\t\t\t\t<\/div>\n\t\t<\/section>\n\t\t\t\t<section class=\"elementor-section elementor-top-section elementor-element elementor-element-7c709d6 animated-slow elementor-section-boxed elementor-section-height-default elementor-section-height-default elementor-invisible\" data-id=\"7c709d6\" data-element_type=\"section\" data-settings=\"{&quot;animation&quot;:&quot;fadeIn&quot;}\">\n\t\t\t\t\t\t<div class=\"elementor-container elementor-column-gap-default\">\n\t\t\t\t\t<div class=\"elementor-column elementor-col-100 elementor-top-column elementor-element elementor-element-6a68845\" data-id=\"6a68845\" data-element_type=\"column\">\n\t\t\t<div class=\"elementor-widget-wrap elementor-element-populated\">\n\t\t\t\t\t\t\t\t<div class=\"elementor-element elementor-element-6550704 elementor-widget elementor-widget-google_maps\" data-id=\"6550704\" data-element_type=\"widget\" data-widget_type=\"google_maps.default\">\n\t\t\t\t<div class=\"elementor-widget-container\">\n\t\t\t\t\t<div class=\"elementor-custom-embed\">\n\t\t\t<iframe frameborder=\"0\" scrolling=\"no\" marginheight=\"0\" marginwidth=\"0\"\n\t\t\t\t\tsrc=\"https:\/\/www.google.com\/maps\/embed\/v1\/place?key=AIzaSyBfZtKW8JB1aDlOQ7EPa9C6rWRLICqf_Ck&#038;q=celia%20homes&#038;zoom=12\"\n\t\t\t\t\ttitle=\"celia homes\"\n\t\t\t\t\taria-label=\"celia homes\"\n\t\t\t><\/iframe>\n\t\t<\/div>\n\t\t\t\t<\/div>\n\t\t\t\t<\/div>\n\t\t\t\t<div class=\"elementor-element elementor-element-81258c8 elementor-widget elementor-widget-text-editor\" data-id=\"81258c8\" data-element_type=\"widget\" data-widget_type=\"text-editor.default\">\n\t\t\t\t<div class=\"elementor-widget-container\">\n\t\t\t\t\t\t\t<p style=\"text-align: left;\">G\u00fcller P\u0131nar\u0131 Mahallesi, \u0130mamday\u0131 Sk. No:5 07400 Alanya &#8211; T\u00dcRKEI &#8211; <a href=\"https:\/\/www.google.com\/maps\/dir\/\/G%C3%BCller+P%C4%B1nar%C4%B1,+Celia+Homes+Luxury+Estate+Alanya,+Mahhalesi,+%C4%B0mamday%C4%B1+Sk.+No:5,+07460+Alanya%2FAntalya\/@36.5450089,32.0105058,17z\/data=!4m9!4m8!1m0!1m5!1m1!1s0x14dc992bd76c6fe1:0x3a6afc35b5ea6b97!2m2!1d32.011804!2d36.545246!3e0\" target=\"_blank\" rel=\"noopener\">Wegbeschreibung abrufen<\/a><\/p>\t\t\t\t\t\t<\/div>\n\t\t\t\t<\/div>\n\t\t\t\t\t<\/div>\n\t\t<\/div>\n\t\t\t\t\t\t\t<\/div>\n\t\t<\/section>\n\t\t\t\t<section class=\"elementor-section elementor-top-section elementor-element elementor-element-ddbf539 elementor-section-boxed elementor-section-height-default elementor-section-height-default\" data-id=\"ddbf539\" data-element_type=\"section\">\n\t\t\t\t\t\t<div class=\"elementor-container elementor-column-gap-default\">\n\t\t\t\t\t<div class=\"elementor-column elementor-col-100 elementor-top-column elementor-element elementor-element-84f5425\" data-id=\"84f5425\" data-element_type=\"column\">\n\t\t\t<div class=\"elementor-widget-wrap elementor-element-populated\">\n\t\t\t\t\t\t\t\t<div class=\"elementor-element elementor-element-11366a9 elementor-widget elementor-widget-spacer\" data-id=\"11366a9\" data-element_type=\"widget\" data-widget_type=\"spacer.default\">\n\t\t\t\t<div class=\"elementor-widget-container\">\n\t\t\t\t\t<div class=\"elementor-spacer\">\n\t\t\t<div class=\"elementor-spacer-inner\"><\/div>\n\t\t<\/div>\n\t\t\t\t<\/div>\n\t\t\t\t<\/div>\n\t\t\t\t\t<\/div>\n\t\t<\/div>\n\t\t\t\t\t\t\t<\/div>\n\t\t<\/section>\n\t\t\t\t\t\t\t<\/div>\n\t\t","protected":false},"excerpt":{"rendered":"<p>Kontaktiere uns Verwenden Sie die folgenden Informationen zur Verf\u00fcgung gestellt zu uns oder lassen Sie uns eine Nachricht \u00fcber das Kontaktformular. Ihr Feedback und Ihre Ideen sind immer f\u00fcr uns sehr wichtig.Sie k\u00f6nnen uns jederzeit kontaktieren, indem die folgenden Kontaktinformationen oder mit dem Formular. Vorname Nachname Email Mobiltelefon Festnetz Nachricht Senden CELIA HOMES Luxury EstateInvestitionen [&hellip;]<\/p>\n","protected":false},"author":1,"featured_media":0,"parent":16941,"menu_order":0,"comment_status":"closed","ping_status":"closed","template":"template\/template-homepage.php","meta":[],"_links":{"self":[{"href":"https:\/\/www.celiahomes.com\/de\/wp-json\/wp\/v2\/pages\/17572"}],"collection":[{"href":"https:\/\/www.celiahomes.com\/de\/wp-json\/wp\/v2\/pages"}],"about":[{"href":"https:\/\/www.celiahomes.com\/de\/wp-json\/wp\/v2\/types\/page"}],"author":[{"embeddable":true,"href":"https:\/\/www.celiahomes.com\/de\/wp-json\/wp\/v2\/users\/1"}],"replies":[{"embeddable":true,"href":"https:\/\/www.celiahomes.com\/de\/wp-json\/wp\/v2\/comments?post=17572"}],"version-history":[{"count":4,"href":"https:\/\/www.celiahomes.com\/de\/wp-json\/wp\/v2\/pages\/17572\/revisions"}],"predecessor-version":[{"id":35634,"href":"https:\/\/www.celiahomes.com\/de\/wp-json\/wp\/v2\/pages\/17572\/revisions\/35634"}],"up":[{"embeddable":true,"href":"https:\/\/www.celiahomes.com\/de\/wp-json\/wp\/v2\/pages\/16941"}],"wp:attachment":[{"href":"https:\/\/www.celiahomes.com\/de\/wp-json\/wp\/v2\/media?parent=17572"}],"curies":[{"name":"wp","href":"https:\/\/api.w.org\/{rel}","templated":true}]}}